{"id":6289,"date":"2024-09-21T19:19:14","date_gmt":"2024-09-21T17:19:14","guid":{"rendered":"https:\/\/www.yannoe.ch\/chalets\/"},"modified":"2025-04-16T14:42:47","modified_gmt":"2025-04-16T12:42:47","slug":"chalets","status":"publish","type":"page","link":"https:\/\/www.yannoe.ch\/fr\/","title":{"rendered":"Chalets"},"content":{"rendered":"<section class=\"l-section wpb_row height_auto width_full\" id=\"slider\"><div class=\"l-section-h i-cf\"><div class=\"g-cols vc_row via_flex valign_top type_default stacking_default\"><div class=\"vc_col-sm-12 wpb_column vc_column_container\"><div class=\"vc_column-inner\"><div class=\"wpb_wrapper\"><div class=\"wpb_text_column\"><div class=\"wpb_wrapper\"><p>[rev_slider_vc alias=&#8221;grosser-slider&#8221;]<\/p>\n<\/div><\/div><\/div><\/div><\/div><\/div><\/div><\/section><section class=\"l-section wpb_row height_auto width_full\"><div class=\"l-section-h i-cf\"><div class=\"g-cols vc_row via_flex valign_top type_default stacking_default\"><div class=\"vc_col-sm-12 wpb_column vc_column_container\"><div class=\"vc_column-inner\"><div class=\"wpb_wrapper\"><div class=\"w-separator size_custom\" style=\"height:20px\"><\/div><h3 class=\"w-itext us_custom_d07eab65 type_fadeIn align_center dynamic_bold\" style=\"--itext-transition-duration:1.8s;--itext-timing-function:cubic-bezier(.86,0,.07,1);\" onclick='return {&quot;duration&quot;:1800,&quot;delay&quot;:2000}'><span class=\"w-itext-part\"><span class=\"w-itext-state state-0 is-active\">ALPINE<\/span><span class=\"w-itext-state state-1\">HIKING<\/span><span class=\"w-itext-state state-2\">RELAX<\/span><span class=\"w-itext-state state-3\">NATURE<\/span><span class=\"w-itext-state state-4\">WELLNESS<\/span><span class=\"w-itext-state state-5\">DISCOVER<\/span><span class=\"w-itext-state state-6\">GOURMET<\/span><span class=\"w-itext-state state-7\">SPORTIVE<\/span><span class=\"w-itext-state state-8\">ENJOY<\/span><span class=\"w-itext-state state-9\">BIKING<\/span><\/span><\/h3><\/div><\/div><\/div><\/div><\/div><\/section><section class=\"l-section wpb_row height_medium\" id=\"chalets\"><div class=\"l-section-h i-cf\"><div class=\"g-cols vc_row via_flex valign_top type_default stacking_default\"><div class=\"vc_col-sm-12 wpb_column vc_column_container\"><div class=\"vc_column-inner\"><div class=\"wpb_wrapper\"><div class=\"wpb_text_column\"><div class=\"wpb_wrapper\"><h5 style=\"text-align: center;\"><span style=\"color: #ad0c0c;\">Bienvenue \u00e0 la R\u00e9sidence YanNoe \u2013 Alpine Lodges, parfaite par nature, au-dessus de Zermatt au pied du Cervin<strong><br \/>\nDes chalets de vacances avec les plaisirs du monde alpin &#8211; o\u00f9 chaque s\u00e9jour est unique<\/strong><\/span><\/h5>\n<\/div><\/div><div class=\"wpb_text_column bigger-text-18\"><div class=\"wpb_wrapper\"><p style=\"text-align: center;\"><span style=\"color: #333333;\"><strong>Ressourcez-vous en pleine nature<\/strong>, entour\u00e9s par l&#8217;univers montagneux grandiose du village de Zermatt. Nos h\u00e9bergements vous offrent confort et bien-\u00eatre, chaque chalet de vacances \u00e9tant unique en son genre. Situ\u00e9 loin de l&#8217;agitation du village, vous partez directement du chalet de vacances sur les pistes de ski, piste cyclable ou chemin de randonn\u00e9es (d&#8217;hiver). Chaque chalet que vous pouvez louer est pour vous tout seul, en hiver avec ski in &#8211; ski out.<\/span><\/p>\n<\/div><\/div><div class=\"wpb_text_column\"><div class=\"wpb_wrapper\"><h1 style=\"text-align: center;\">Nos h\u00e9bergements de vacances \u00e0 la montagne<\/h1>\n<\/div><\/div><div class=\"g-cols wpb_row via_flex valign_top type_default stacking_default\"><div class=\"vc_col-sm-6 wpb_column vc_column_container\"><div class=\"vc_column-inner us_custom_a640122a us_animate_this\"><div class=\"wpb_wrapper\"><div class=\"w-image us_custom_d89fe7f6 us_animate_this style_shadow-1 align_center\"><a target=\"_blank\" rel=\"nofollow\" title=\"Mountain Chalet 4 You\" href=\"https:\/\/www.yannoe.ch\/fr\/mountain-chalet-4-you\/\" aria-label=\"Chalet-24-min[1]\" class=\"w-image-h\"><img decoding=\"async\" src=\"https:\/\/www.yannoe.ch\/wp-content\/uploads\/2023\/06\/Chalet-24-min1.jpg\" class=\"attachment-full size-full\" alt=\"\" loading=\"lazy\" \/><\/a><\/div><div class=\"wpb_text_column us_custom_7d51d9c9 smaller-heading\"><div class=\"wpb_wrapper\"><h3 style=\"text-align: center;\">Mountain Chalet 4 You<\/h3>\n<\/div><\/div><div class=\"wpb_text_column\"><div class=\"wpb_wrapper\"><p>Vous recherchez <strong>l&#8217;exceptionnel<\/strong> au milieu du monde montagneux idyllique de Zermatt ? Loin de l&#8217;agitation, <strong>situ\u00e9 id\u00e9alement<\/strong> directement \u00e0 c\u00f4t\u00e9 des pistes de ski. Vous d\u00e9couvrirez le <strong>luxe<\/strong> et la <strong>tradition<\/strong> dans une \u00e9l\u00e9gante symbiose, avec un <strong>espace wellness priv\u00e9<\/strong> et un pouvoir de bien-\u00eatre et de d\u00e9tente particulier.<\/p>\n<\/div><\/div><div class=\"w-btn-wrapper align_center\"><a class=\"w-btn us-btn-style_5 us_custom_1e0e9307 icon_atleft\" title=\"Mountain Chalet 4 You\" target=\" _blank\" rel=\"nofollow\" href=\"https:\/\/www.yannoe.ch\/fr\/mountain-chalet-4-you\/\"><i class=\"fas fa-angle-double-right\"><\/i><span class=\"w-btn-label\">Pour en savoir plus<\/span><\/a><\/div><\/div><\/div><\/div><div class=\"vc_col-sm-6 wpb_column vc_column_container\"><div class=\"vc_column-inner us_custom_9e7473fa us_animate_this\"><div class=\"wpb_wrapper\"><div class=\"w-image us_custom_d89fe7f6 us_animate_this style_shadow-1 align_center\"><a target=\"_blank\" rel=\"nofollow\" href=\"https:\/\/www.yannoe.ch\/fr\/chalet-hinter-dem-rot-stei\/\" aria-label=\"Chalet-Hinter-Dem-Rot-Stei-621\" class=\"w-image-h\"><img decoding=\"async\" width=\"1408\" height=\"940\" src=\"https:\/\/www.yannoe.ch\/wp-content\/uploads\/2024\/09\/Chalet-Hinter-Dem-Rot-Stei-621.jpg\" class=\"attachment-full size-full\" alt=\"\" loading=\"lazy\" srcset=\"https:\/\/www.yannoe.ch\/wp-content\/uploads\/2024\/09\/Chalet-Hinter-Dem-Rot-Stei-621.jpg 1408w, https:\/\/www.yannoe.ch\/wp-content\/uploads\/2024\/09\/Chalet-Hinter-Dem-Rot-Stei-621-300x200.jpg 300w, https:\/\/www.yannoe.ch\/wp-content\/uploads\/2024\/09\/Chalet-Hinter-Dem-Rot-Stei-621-1024x684.jpg 1024w, https:\/\/www.yannoe.ch\/wp-content\/uploads\/2024\/09\/Chalet-Hinter-Dem-Rot-Stei-621-768x513.jpg 768w\" sizes=\"auto, (max-width: 1408px) 100vw, 1408px\" \/><\/a><\/div><div class=\"wpb_text_column us_custom_7d51d9c9\"><div class=\"wpb_wrapper\"><h3 style=\"text-align: center;\">Chalet Hinter dem Rot Stei<\/h3>\n<\/div><\/div><div class=\"wpb_text_column\"><div class=\"wpb_wrapper\"><p>Savourez une <strong>note de luxe<\/strong> sur 110 m\u00e8tres carr\u00e9s avec 2 chambres doubles, sans compter <strong>la magie de la montagne<\/strong> avec une vue magnifique sur la grandiose mer de lumi\u00e8res de Zermatt, le village du Cervin. D\u00e9tente garantie dans <strong>le bain \u00e0 remous ext\u00e9rieur chauff\u00e9 et le sauna, tous deux priv\u00e9s.<\/strong><\/p>\n<\/div><\/div><div class=\"w-btn-wrapper align_center\"><a class=\"w-btn us-btn-style_5 us_custom_1e0e9307 icon_atleft\" href=\"https:\/\/www.yannoe.ch\/fr\/chalet-hinter-dem-rot-stei\/\"><i class=\"fas fa-angle-double-right\"><\/i><span class=\"w-btn-label\">Pour en savoir plus<\/span><\/a><\/div><\/div><\/div><\/div><\/div><\/div><\/div><\/div><\/div><\/div><\/section><section class=\"l-section wpb_row height_auto\"><div class=\"l-section-h i-cf\"><div class=\"g-cols vc_row via_flex valign_top type_default stacking_default\"><div class=\"vc_col-sm-12 wpb_column vc_column_container\"><div class=\"vc_column-inner us_custom_74bd2f1b\"><div class=\"wpb_wrapper\"><div class=\"wpb_text_column\"><div class=\"wpb_wrapper\"><h6>Switzerland Tourism choose our Mountain Chalet 4 You for\ud83d\udc95- for their video clip <strong>&#8220;stay overnight in style&#8221;<\/strong> &#8211; we are very proud about.<\/h6>\n<p><iframe loading=\"lazy\" title=\"Luxury Holiday Switzerland Zermatt\" width=\"640\" height=\"360\" src=\"https:\/\/www.youtube.com\/embed\/Xb6J-cHhyvo?feature=oembed\" frameborder=\"0\" allow=\"accelerometer; autoplay; clipboard-write; encrypted-media; gyroscope; picture-in-picture; web-share\" referrerpolicy=\"strict-origin-when-cross-origin\" allowfullscreen><\/iframe><\/p>\n<\/div><\/div><div class=\"wpb_text_column bigger-text-18\"><div class=\"wpb_wrapper\"><p style=\"text-align: center;\"><em><span style=\"color: #4e5663;\">Des descentes sensationnelles, un enneigement garanti et 360 km de pistes parfaitement entretenues sauront faire battre plus vite votre c\u0153ur de sportif. Apr\u00e8s une excursion sportive sur le Cervin, <strong>d\u00e9tendez-vous pr\u00e8s de la chaleur du po\u00eale \u00e0 bois<\/strong>. Profitez de l&#8217;intense soleil valaisan pendant la journ\u00e9e et <strong>offrez-vous un moment de d\u00e9tente<\/strong> le soir <strong>dans votre propre spa avec bain \u00e0 remous ext\u00e9rieur chauff\u00e9 et sauna priv\u00e9.<\/strong><\/span><\/em><\/p>\n<p style=\"text-align: center;\"><em><span style=\"color: #4e5663;\">Que ce soit en famille, en couple ou entre amis, <strong>profitez de passer des moments agr\u00e9ables<\/strong> pendant votre s\u00e9jour dans votre deuxi\u00e8me patrie \u00e0 Zermatt, cette station suisse de renomm\u00e9e internationale. <strong>Laissez-vous choyer par notre service<\/strong> et <strong>admirez la vue<\/strong> depuis votre maison de vacances sur le paysage montagneux \u00e0 couper le souffle de Zermatt avec ses 38 sommets de quatre mille m\u00e8tres.<\/span><\/em><\/p>\n<p style=\"text-align: center;\"><em><span style=\"color: #4e5663;\">Observez les animaux sauvages dans la nature et laissez-vous surprendre par la diversit\u00e9 et le caract\u00e8re unique de la flore \u00e0 l&#8217;int\u00e9rieur et autour du village du Cervin. <strong>Rendez-vous \u00e0 pied, \u00e0 ski ou \u00e0 v\u00e9lo<\/strong> dans l&#8217;un des <strong>restaurants gourmets<\/strong> des environs et faites plaisir \u00e0 vos papilles avec les meilleurs chefs cuisiniers suisses ou <strong>cuisinez vous-m\u00eame<\/strong> dans la cuisine bien am\u00e9nag\u00e9e.<\/span><\/em><\/p>\n<p style=\"text-align: center;\"><em><span style=\"color: #4e5663;\">Enfin, et ce n&#8217;est pas le moindre, <strong>rechargez vos batteries en toute tranquillit\u00e9<\/strong> dans un chalet de vacances traditionnel suisse en bois de m\u00e9l\u00e8ze, <strong>uniquement pour vous et totalement priv\u00e9 !<\/strong><\/span><\/em><\/p>\n<\/div><\/div><div class=\"w-separator size_custom\" style=\"height:22px\"><\/div><div class=\"w-image align_none\"><a title=\"Selbstgen\u00e4hte Masken\" href=\"https:\/\/www.yannoe.ch\/selbstgenaehte-masken\/\" aria-label=\"125_20q_01_swisstainable_1_committed_RGB[1]\" class=\"w-image-h\"><img decoding=\"async\" width=\"150\" height=\"150\" src=\"https:\/\/www.yannoe.ch\/wp-content\/uploads\/2023\/03\/125_20q_01_swisstainable_1_committed_RGB1-150x150.jpg\" class=\"attachment-thumbnail size-thumbnail\" alt=\"\" loading=\"lazy\" srcset=\"https:\/\/www.yannoe.ch\/wp-content\/uploads\/2023\/03\/125_20q_01_swisstainable_1_committed_RGB1-150x150.jpg 150w, https:\/\/www.yannoe.ch\/wp-content\/uploads\/2023\/03\/125_20q_01_swisstainable_1_committed_RGB1-300x300.jpg 300w, https:\/\/www.yannoe.ch\/wp-content\/uploads\/2023\/03\/125_20q_01_swisstainable_1_committed_RGB1-350x350.jpg 350w, https:\/\/www.yannoe.ch\/wp-content\/uploads\/2023\/03\/125_20q_01_swisstainable_1_committed_RGB1-600x600.jpg 600w, https:\/\/www.yannoe.ch\/wp-content\/uploads\/2023\/03\/125_20q_01_swisstainable_1_committed_RGB1-768x768.jpg 768w, https:\/\/www.yannoe.ch\/wp-content\/uploads\/2023\/03\/125_20q_01_swisstainable_1_committed_RGB1.jpg 817w\" sizes=\"auto, (max-width: 150px) 100vw, 150px\" \/><\/a><\/div><\/div><\/div><\/div><\/div><\/div><\/section><!-- Row Backgrounds --><div class=\"upb_color\" data-bg-override=\"0\" data-bg-color=\"#e3e0d8\" data-fadeout=\"\" data-fadeout-percentage=\"30\" data-parallax-content=\"\" data-parallax-content-sense=\"30\" data-row-effect-mobile-disable=\"true\" data-img-parallax-mobile-disable=\"true\" data-rtl=\"false\"  data-custom-vc-row=\"\"  data-vc=\"8.7.2\"  data-is_old_vc=\"\"  data-theme-support=\"\"   data-overlay=\"false\" data-overlay-color=\"\" data-overlay-pattern=\"\" data-overlay-pattern-opacity=\"\" data-overlay-pattern-size=\"\"    data-seperator=\"true\"  data-seperator-type=\"xlarge_circle_seperator\"  data-seperator-shape-size=\"40\"  data-seperator-svg-height=\"60\"  data-seperator-full-width=\"true\" data-seperator-position=\"top_seperator\"  data-seperator-background-color=\"#ededed\"  data-icon=\"\"  ><\/div><section class=\"l-section wpb_row height_medium\"><div class=\"l-section-h i-cf\"><div class=\"g-cols vc_row via_flex valign_top type_default stacking_default\"><div class=\"vc_col-sm-12 wpb_column vc_column_container\"><div class=\"vc_column-inner\"><div class=\"wpb_wrapper\"><\/div><\/div><\/div><\/div><\/div><\/section>\n","protected":false},"excerpt":{"rendered":"[rev_slider_vc alias=&#8221;grosser-slider&#8221;] ALPINEHIKINGRELAXNATUREWELLNESSDISCOVERGOURMETSPORTIVEENJOYBIKINGBienvenue \u00e0 la R\u00e9sidence YanNoe \u2013 Alpine Lodges, parfaite par nature, au-dessus de Zermatt au pied du Cervin Des chalets de vacances avec les plaisirs du monde alpin &#8211; o\u00f9 chaque s\u00e9jour est unique Ressourcez-vous en pleine nature, entour\u00e9s par l&#8217;univers montagneux grandiose du village de Zermatt. Nos h\u00e9bergements vous offrent confort et...","protected":false},"author":1,"featured_media":0,"parent":0,"menu_order":0,"comment_status":"closed","ping_status":"closed","template":"","meta":{"_acf_changed":false,"footnotes":""},"class_list":["post-6289","page","type-page","status-publish","hentry"],"acf":[],"yoast_head":"<title>Suisse Appartement Chalet, wellness priv\u00e9, parfait par nature<\/title>\n<meta name=\"description\" content=\"Vos vacances votre propre chalet \u00e0 la montagne avec spa priv\u00e9 sauna, jacuzzi ext\u00e9rieur, douche \u00e0 vapeur, chaise de massage, ski in-ski out\" \/>\n<meta name=\"robots\" content=\"index, follow, max-snippet:-1, max-image-preview:large, max-video-preview:-1\" \/>\n<link rel=\"canonical\" href=\"https:\/\/www.yannoe.ch\/fr\/\" \/>\n<meta property=\"og:locale\" content=\"fr_FR\" \/>\n<meta property=\"og:type\" content=\"article\" \/>\n<meta property=\"og:title\" content=\"Residence YanNoe | Louer un appartement \u00e0 Zermatt\" \/>\n<meta property=\"og:description\" content=\"Vos vacances votre propre chalet \u00e0 la montagne avec spa priv\u00e9 sauna, jacuzzi ext\u00e9rieur, douche \u00e0 vapeur, chaise de massage, ski in-ski out\" \/>\n<meta property=\"og:url\" content=\"https:\/\/www.yannoe.ch\/fr\/\" \/>\n<meta property=\"og:site_name\" content=\"Residence Yannoe\" \/>\n<meta property=\"article:publisher\" content=\"https:\/\/www.facebook.com\/residence.yannoe\/\" \/>\n<meta property=\"article:modified_time\" content=\"2025-04-16T12:42:47+00:00\" \/>\n<meta name=\"twitter:card\" content=\"summary_large_image\" \/>\n<meta name=\"twitter:label1\" content=\"Est. reading time\" \/>\n\t<meta name=\"twitter:data1\" content=\"4 minutes\" \/>\n<script type=\"application\/ld+json\" class=\"yoast-schema-graph\">{\"@context\":\"https:\\\/\\\/schema.org\",\"@graph\":[{\"@type\":\"WebPage\",\"@id\":\"https:\\\/\\\/www.yannoe.ch\\\/fr\\\/\",\"url\":\"https:\\\/\\\/www.yannoe.ch\\\/fr\\\/\",\"name\":\"Suisse Appartement Chalet, wellness priv\u00e9, parfait par nature\",\"isPartOf\":{\"@id\":\"https:\\\/\\\/www.yannoe.ch\\\/#website\"},\"datePublished\":\"2024-09-21T17:19:14+00:00\",\"dateModified\":\"2025-04-16T12:42:47+00:00\",\"description\":\"Vos vacances votre propre chalet \u00e0 la montagne avec spa priv\u00e9 sauna, jacuzzi ext\u00e9rieur, douche \u00e0 vapeur, chaise de massage, ski in-ski out\",\"breadcrumb\":{\"@id\":\"https:\\\/\\\/www.yannoe.ch\\\/fr\\\/#breadcrumb\"},\"inLanguage\":\"fr-FR\",\"potentialAction\":[{\"@type\":\"ReadAction\",\"target\":[\"https:\\\/\\\/www.yannoe.ch\\\/fr\\\/\"]}]},{\"@type\":\"BreadcrumbList\",\"@id\":\"https:\\\/\\\/www.yannoe.ch\\\/fr\\\/#breadcrumb\",\"itemListElement\":[{\"@type\":\"ListItem\",\"position\":1,\"name\":\"Startseite\",\"item\":\"https:\\\/\\\/www.yannoe.ch\\\/fr\\\/\"},{\"@type\":\"ListItem\",\"position\":2,\"name\":\"Chalets\"}]},{\"@type\":\"WebSite\",\"@id\":\"https:\\\/\\\/www.yannoe.ch\\\/#website\",\"url\":\"https:\\\/\\\/www.yannoe.ch\\\/\",\"name\":\"Residence Yannoe\",\"description\":\"Ferienwohnung mieten\",\"publisher\":{\"@id\":\"https:\\\/\\\/www.yannoe.ch\\\/#organization\"},\"potentialAction\":[{\"@type\":\"SearchAction\",\"target\":{\"@type\":\"EntryPoint\",\"urlTemplate\":\"https:\\\/\\\/www.yannoe.ch\\\/?s={search_term_string}\"},\"query-input\":{\"@type\":\"PropertyValueSpecification\",\"valueRequired\":true,\"valueName\":\"search_term_string\"}}],\"inLanguage\":\"fr-FR\"},{\"@type\":\"Organization\",\"@id\":\"https:\\\/\\\/www.yannoe.ch\\\/#organization\",\"name\":\"Residence YanNoe\",\"url\":\"https:\\\/\\\/www.yannoe.ch\\\/\",\"logo\":{\"@type\":\"ImageObject\",\"inLanguage\":\"fr-FR\",\"@id\":\"https:\\\/\\\/www.yannoe.ch\\\/#\\\/schema\\\/logo\\\/image\\\/\",\"url\":\"https:\\\/\\\/www.yannoe.ch\\\/wp-content\\\/uploads\\\/2018\\\/04\\\/logo-residence-yannoe-1.png\",\"contentUrl\":\"https:\\\/\\\/www.yannoe.ch\\\/wp-content\\\/uploads\\\/2018\\\/04\\\/logo-residence-yannoe-1.png\",\"width\":133,\"height\":90,\"caption\":\"Residence YanNoe\"},\"image\":{\"@id\":\"https:\\\/\\\/www.yannoe.ch\\\/#\\\/schema\\\/logo\\\/image\\\/\"},\"sameAs\":[\"https:\\\/\\\/www.facebook.com\\\/residence.yannoe\\\/\"]}]}<\/script>","yoast_head_json":{"title":"Suisse Appartement Chalet, wellness priv\u00e9, parfait par nature","description":"Vos vacances votre propre chalet \u00e0 la montagne avec spa priv\u00e9 sauna, jacuzzi ext\u00e9rieur, douche \u00e0 vapeur, chaise de massage, ski in-ski out","robots":{"index":"index","follow":"follow","max-snippet":"max-snippet:-1","max-image-preview":"max-image-preview:large","max-video-preview":"max-video-preview:-1"},"canonical":"https:\/\/www.yannoe.ch\/fr\/","og_locale":"fr_FR","og_type":"article","og_title":"Residence YanNoe | Louer un appartement \u00e0 Zermatt","og_description":"Vos vacances votre propre chalet \u00e0 la montagne avec spa priv\u00e9 sauna, jacuzzi ext\u00e9rieur, douche \u00e0 vapeur, chaise de massage, ski in-ski out","og_url":"https:\/\/www.yannoe.ch\/fr\/","og_site_name":"Residence Yannoe","article_publisher":"https:\/\/www.facebook.com\/residence.yannoe\/","article_modified_time":"2025-04-16T12:42:47+00:00","twitter_card":"summary_large_image","twitter_misc":{"Est. reading time":"4 minutes"},"schema":{"@context":"https:\/\/schema.org","@graph":[{"@type":"WebPage","@id":"https:\/\/www.yannoe.ch\/fr\/","url":"https:\/\/www.yannoe.ch\/fr\/","name":"Suisse Appartement Chalet, wellness priv\u00e9, parfait par nature","isPartOf":{"@id":"https:\/\/www.yannoe.ch\/#website"},"datePublished":"2024-09-21T17:19:14+00:00","dateModified":"2025-04-16T12:42:47+00:00","description":"Vos vacances votre propre chalet \u00e0 la montagne avec spa priv\u00e9 sauna, jacuzzi ext\u00e9rieur, douche \u00e0 vapeur, chaise de massage, ski in-ski out","breadcrumb":{"@id":"https:\/\/www.yannoe.ch\/fr\/#breadcrumb"},"inLanguage":"fr-FR","potentialAction":[{"@type":"ReadAction","target":["https:\/\/www.yannoe.ch\/fr\/"]}]},{"@type":"BreadcrumbList","@id":"https:\/\/www.yannoe.ch\/fr\/#breadcrumb","itemListElement":[{"@type":"ListItem","position":1,"name":"Startseite","item":"https:\/\/www.yannoe.ch\/fr\/"},{"@type":"ListItem","position":2,"name":"Chalets"}]},{"@type":"WebSite","@id":"https:\/\/www.yannoe.ch\/#website","url":"https:\/\/www.yannoe.ch\/","name":"Residence Yannoe","description":"Ferienwohnung mieten","publisher":{"@id":"https:\/\/www.yannoe.ch\/#organization"},"potentialAction":[{"@type":"SearchAction","target":{"@type":"EntryPoint","urlTemplate":"https:\/\/www.yannoe.ch\/?s={search_term_string}"},"query-input":{"@type":"PropertyValueSpecification","valueRequired":true,"valueName":"search_term_string"}}],"inLanguage":"fr-FR"},{"@type":"Organization","@id":"https:\/\/www.yannoe.ch\/#organization","name":"Residence YanNoe","url":"https:\/\/www.yannoe.ch\/","logo":{"@type":"ImageObject","inLanguage":"fr-FR","@id":"https:\/\/www.yannoe.ch\/#\/schema\/logo\/image\/","url":"https:\/\/www.yannoe.ch\/wp-content\/uploads\/2018\/04\/logo-residence-yannoe-1.png","contentUrl":"https:\/\/www.yannoe.ch\/wp-content\/uploads\/2018\/04\/logo-residence-yannoe-1.png","width":133,"height":90,"caption":"Residence YanNoe"},"image":{"@id":"https:\/\/www.yannoe.ch\/#\/schema\/logo\/image\/"},"sameAs":["https:\/\/www.facebook.com\/residence.yannoe\/"]}]}},"_links":{"self":[{"href":"https:\/\/www.yannoe.ch\/fr\/wp-json\/wp\/v2\/pages\/6289","targetHints":{"allow":["GET"]}}],"collection":[{"href":"https:\/\/www.yannoe.ch\/fr\/wp-json\/wp\/v2\/pages"}],"about":[{"href":"https:\/\/www.yannoe.ch\/fr\/wp-json\/wp\/v2\/types\/page"}],"author":[{"embeddable":true,"href":"https:\/\/www.yannoe.ch\/fr\/wp-json\/wp\/v2\/users\/1"}],"replies":[{"embeddable":true,"href":"https:\/\/www.yannoe.ch\/fr\/wp-json\/wp\/v2\/comments?post=6289"}],"version-history":[{"count":9,"href":"https:\/\/www.yannoe.ch\/fr\/wp-json\/wp\/v2\/pages\/6289\/revisions"}],"predecessor-version":[{"id":7801,"href":"https:\/\/www.yannoe.ch\/fr\/wp-json\/wp\/v2\/pages\/6289\/revisions\/7801"}],"wp:attachment":[{"href":"https:\/\/www.yannoe.ch\/fr\/wp-json\/wp\/v2\/media?parent=6289"}],"curies":[{"name":"wp","href":"https:\/\/api.w.org\/{rel}","templated":true}]}}