{"id":6300,"date":"2021-12-30T19:40:49","date_gmt":"2021-12-30T18:40:49","guid":{"rendered":"https:\/\/www.yannoe.ch\/chalet-zflesche\/"},"modified":"2022-04-13T05:36:14","modified_gmt":"2022-04-13T03:36:14","slug":"chalet-zflesche","status":"publish","type":"page","link":"https:\/\/www.yannoe.ch\/fr\/chalet-zflesche\/","title":{"rendered":"Chalet Z&#8217;Flesche"},"content":{"rendered":"<section class=\"l-section wpb_row height_auto width_full\"><div class=\"l-section-h i-cf\"><div class=\"g-cols vc_row via_flex valign_top type_default stacking_default\"><div class=\"vc_col-sm-12 wpb_column vc_column_container\"><div class=\"vc_column-inner\"><div class=\"wpb_wrapper\">[rev_slider_vc alias=&#8221;zflesche7&#8243;]<\/div><\/div><\/div><\/div><\/div><\/section><section class=\"l-section wpb_row height_medium\"><div class=\"l-section-h i-cf\"><div class=\"g-cols vc_row via_flex valign_top type_default stacking_default\"><div class=\"vc_col-sm-12 wpb_column vc_column_container\"><div class=\"vc_column-inner\"><div class=\"wpb_wrapper\"><div class=\"wpb_text_column\"><div class=\"wpb_wrapper\"><h1 style=\"text-align: center;\"><span style=\"color: #7d3d0b;\"><strong>Chalet Z&#8217;Flesche***<br \/>\n<\/strong><\/span><\/h1>\n<\/div><\/div><\/div><\/div><\/div><\/div><\/div><\/section><section class=\"l-section wpb_row height_medium\"><div class=\"l-section-h i-cf\"><div class=\"g-cols vc_row via_flex valign_middle type_default stacking_default\"><div class=\"vc_col-sm-8 wpb_column vc_column_container\"><div class=\"vc_column-inner\"><div class=\"wpb_wrapper\"><div class=\"w-video align_center ratio_16x9 with_overlay has_iframe\" style=\"background-image:url(https:\/\/www.yannoe.ch\/wp-content\/uploads\/2018\/03\/IMG_1134-e1522428717667.jpg);\" onclick=\"return {&quot;player_id&quot;:&quot;youtube-vee5&quot;,&quot;player_api&quot;:&quot;\\\/\\\/www.youtube.com\\\/player_api&quot;,&quot;player_html&quot;:&quot;&lt;div id=\\&quot;youtube-vee5\\&quot;&gt;&lt;\\\/div&gt;&lt;script&gt;\\r\\n\\t\\t\\twindow.USYTPlayers = ( window.USYTPlayers || { initYTFunctions: [], optionsYT: [], USYTInited: false } );\\r\\n\\t\\t\\twindow.USYTPlayers.optionsYT.push( {\\r\\n\\t\\t\\t\\tplayerID: \\&quot;youtube-vee5\\&quot;,\\r\\n\\t\\t\\t\\tvideoID: \\&quot;xynkGzMZ1ZE\\&quot;,\\r\\n\\t\\t\\t\\tplayerVars: {\\&quot;autoplay\\&quot;:1,\\&quot;controls\\&quot;:1,\\&quot;origin\\&quot;:\\&quot;https:\\\\\\\/\\\\\\\/www.yannoe.ch\\\\\\\/fr\\\\\\\/\\&quot;,\\&quot;loop\\&quot;:0,\\&quot;mute\\&quot;:0,\\&quot;playlist\\&quot;:\\&quot;xynkGzMZ1ZE\\&quot;}\\r\\n\\t\\t\\t} );\\r\\n\\t\\t\\tif ( window.USYTPlayers.USYTInited === false ) {\\r\\n\\t\\t\\t\\t\\\/\\\/ Trying to override other possible WP YT API calls if our element is used\\r\\n\\t\\t\\t\\twindow.USYTPlayers.USYTInited = true;\\r\\n\\r\\n\\t\\t\\t\\twindow.onYouTubePlayerAPIReady = function() {\\r\\n\\t\\t\\t\\t\\tfor ( var i in window.USYTPlayers.optionsYT ) {\\r\\n\\t\\t\\t\\t\\t\\tvar _playerParams = window.USYTPlayers.optionsYT[ i ];\\r\\n\\t\\t\\t\\t\\t\\t$us.YTPlayers[ _playerParams.playerID ] = new YT.Player( _playerParams.playerID, {\\r\\n\\t\\t\\t\\t\\t\\t\\tvideoId: _playerParams.videoID,\\r\\n\\t\\t\\t\\t\\t\\t\\tplayerVars: _playerParams.playerVars\\r\\n\\t\\t\\t\\t\\t\\t} );\\r\\n\\t\\t\\t\\t\\t}\\r\\n\\t\\t\\t\\t}\\r\\n\\t\\t\\t}\\r\\n\\t\\t\\tif ( !!window.YT ) {\\r\\n\\t\\t\\t\\t$us.YTPlayers[\\&quot;youtube-vee5\\&quot;] = new YT.Player( \\&quot;youtube-vee5\\&quot;, {\\r\\n\\t\\t\\t\\t\\tvideoId: \\&quot;xynkGzMZ1ZE\\&quot;,\\r\\n\\t\\t\\t\\t\\tplayerVars: {\\&quot;autoplay\\&quot;:1,\\&quot;controls\\&quot;:1,\\&quot;origin\\&quot;:\\&quot;https:\\\\\\\/\\\\\\\/www.yannoe.ch\\\\\\\/fr\\\\\\\/\\&quot;,\\&quot;loop\\&quot;:0,\\&quot;mute\\&quot;:0,\\&quot;playlist\\&quot;:\\&quot;xynkGzMZ1ZE\\&quot;}\\r\\n\\t\\t\\t\\t} );\\r\\n\\t\\t\\t}\\r\\n\\t\\t&lt;\\\/script&gt;&quot;}\"><button class=\"w-video-play\" type=\"button\" aria-label=\"Play\"><span class=\"w-video-play-icon\" style=\"font-size:1.5rem;background:rgba(237,237,237,0.85);color:#dd3333\"><\/span><\/button><div class=\"w-video-h\"><\/div><\/div><\/div><\/div><\/div><div class=\"vc_col-sm-4 wpb_column vc_column_container\"><div class=\"vc_column-inner\"><div class=\"wpb_wrapper\"><div class=\"w-iconbox iconpos_left style_circle color_custom align_left no_text\"><div class=\"w-iconbox-icon\" style=\"font-size:28px;--icon-color:#dd3333;--icon-bg-color:#ededed;\"><i class=\"fas fa-hiking\"><\/i><\/div><div class=\"w-iconbox-meta\"><h6 class=\"w-iconbox-title\" style=\"font-size:1.5rem;\">Directement \u00e0 c\u00f4t\u00e9 des pistes de ski et chemin de randonn\u00e9es (hiver)  <\/h6><\/div><\/div><div class=\"w-separator size_small\"><\/div><div class=\"w-iconbox iconpos_left style_circle color_custom align_left no_text\"><div class=\"w-iconbox-icon\" style=\"font-size:28px;--icon-color:#dd3333;--icon-bg-color:#ededed;\"><i class=\"fas fa-fire\"><\/i><\/div><div class=\"w-iconbox-meta\"><h6 class=\"w-iconbox-title\" style=\"font-size:1.5rem;\">Empiler<\/h6><\/div><\/div><div class=\"w-iconbox iconpos_left style_circle color_custom align_left no_text\"><div class=\"w-iconbox-icon\" style=\"font-size:28px;--icon-color:#dd3333;--icon-bg-color:#ededed;\"><i class=\"fas fa-tv\"><\/i><\/div><div class=\"w-iconbox-meta\"><h6 class=\"w-iconbox-title\" style=\"font-size:1.5rem;\">Swisscom TV<\/h6><\/div><\/div><div class=\"w-separator size_small\"><\/div><div class=\"w-iconbox iconpos_left style_circle color_custom align_left no_text\"><div class=\"w-iconbox-icon\" style=\"font-size:28px;--icon-color:#dd3333;--icon-bg-color:#ededed;\"><i class=\"fas fa-leaf\"><\/i><\/div><div class=\"w-iconbox-meta\"><h6 class=\"w-iconbox-title\" style=\"font-size:1.5rem;\">En pleine nature<\/h6><\/div><\/div><div class=\"w-separator size_small\"><\/div><\/div><\/div><\/div><\/div><\/div><\/section><!-- Row Backgrounds --><div class=\"upb_color\" data-bg-override=\"0\" data-bg-color=\"#e3e0d8\" data-fadeout=\"\" data-fadeout-percentage=\"30\" data-parallax-content=\"\" data-parallax-content-sense=\"30\" data-row-effect-mobile-disable=\"true\" data-img-parallax-mobile-disable=\"true\" data-rtl=\"false\"  data-custom-vc-row=\"\"  data-vc=\"8.7.3\"  data-is_old_vc=\"\"  data-theme-support=\"\"   data-overlay=\"false\" data-overlay-color=\"\" data-overlay-pattern=\"\" data-overlay-pattern-opacity=\"\" data-overlay-pattern-size=\"\"    ><\/div><section class=\"l-section wpb_row us_custom_c4a4bb17 height_medium\"><div class=\"l-section-h i-cf\"><div class=\"g-cols vc_row via_flex valign_top type_default stacking_default\"><div class=\"vc_col-sm-6 wpb_column vc_column_container\"><div class=\"vc_column-inner\"><div class=\"wpb_wrapper\"><div class=\"w-iconbox us_custom_6ae20507 chalet-box-item iconpos_left style_circle color_custom align_left no_title\"><div class=\"w-iconbox-icon\" style=\"font-size:28px;--icon-color:#dd3333;--icon-bg-color:#ededed;\"><i class=\"fas fa-home\"><\/i><\/div><div class=\"w-iconbox-meta\"><div class=\"w-iconbox-text\"><p>Cuisine bien \u00e9quip\u00e9e<br \/>\nCoin repas agr\u00e9able<br \/>\nCanap\u00e9 relaxant \u00e0 c\u00f4t\u00e9 du po\u00eale \u00e0 bois.<\/p>\n<\/div><\/div><\/div><div class=\"w-separator size_small\"><\/div><div class=\"w-iconbox us_custom_6ae20507 chalet-box-item iconpos_left style_circle color_custom align_left no_title\"><div class=\"w-iconbox-icon\" style=\"font-size:28px;--icon-color:#dd3333;--icon-bg-color:#ededed;\"><i class=\"fas fa-wifi\"><\/i><\/div><div class=\"w-iconbox-meta\"><div class=\"w-iconbox-text\"><p>Highspeed Wifi kostenlos<br \/>\nLCD-TV mit SwisscomTV<br \/>\nRadio DAB+<br \/>\nBluetooth Dockingstation<\/p>\n<\/div><\/div><\/div><\/div><\/div><\/div><div class=\"vc_col-sm-6 wpb_column vc_column_container\"><div class=\"vc_column-inner\"><div class=\"wpb_wrapper\"><div class=\"w-iconbox us_custom_6ae20507 chalet-box-item iconpos_left style_circle color_custom align_left no_title\"><div class=\"w-iconbox-icon\" style=\"font-size:28px;--icon-color:#dd3333;--icon-bg-color:#ededed;\"><i class=\"fas fa-bed\"><\/i><\/div><div class=\"w-iconbox-meta\"><div class=\"w-iconbox-text\"><p>Deux chambres doubles (lit double et lit \u00e0 \u00e9tage)<br \/>\nUne salle de bains avec douche<\/p>\n<\/div><\/div><\/div><div class=\"w-separator size_small\"><\/div><div class=\"w-iconbox us_custom_6ae20507 chalet-box-item iconpos_left style_circle color_custom align_left no_title\"><div class=\"w-iconbox-icon\" style=\"font-size:28px;--icon-color:#dd3333;--icon-bg-color:#ededed;\"><i class=\"fas fa-sun\"><\/i><\/div><div class=\"w-iconbox-meta\"><div class=\"w-iconbox-text\"><p>Terrasse orient\u00e9e sud-ouest<br \/>\nTable et bancs en bois avec gril \u00e0 gaz, chaises longues en \u00e9t\u00e9.<br \/>\nMagnifique vue sur le village<br \/>\nEn hiver, des luges sont disponibles<\/p>\n<\/div><\/div><\/div><\/div><\/div><\/div><\/div><\/div><\/section><section class=\"l-section wpb_row height_medium\"><div class=\"l-section-h i-cf\"><div class=\"g-cols vc_row via_flex valign_top type_default stacking_default\"><div class=\"vc_col-sm-4 wpb_column vc_column_container\"><div class=\"vc_column-inner\"><div class=\"wpb_wrapper\"><div class=\"w-btn-wrapper align_justify\"><a class=\"w-btn us-btn-style_3 us_custom_a5c88937 icon_atleft\" target=\"_blank\" rel=\"nofollow\" href=\"https:\/\/www.yannoe.ch\/wp-content\/uploads\/2018\/03\/EG-ZFlesche.pdf\"><i class=\"fas fa-border-none\"><\/i><span class=\"w-btn-label\">Plan rez-de-chauss\u00e9e<\/span><\/a><\/div><\/div><\/div><\/div><div class=\"vc_col-sm-4 wpb_column vc_column_container\"><div class=\"vc_column-inner\"><div class=\"wpb_wrapper\"><div class=\"w-btn-wrapper align_justify\"><a class=\"w-btn us-btn-style_3 us_custom_a5c88937 icon_atleft\" target=\"_blank\" rel=\"nofollow\" href=\"https:\/\/www.yannoe.ch\/wp-content\/uploads\/2018\/03\/UG-ZFlesche.pdf\"><i class=\"fas fa-border-none\"><\/i><span class=\"w-btn-label\">Plan sous-sol<\/span><\/a><\/div><\/div><\/div><\/div><\/div><\/div><\/section><section class=\"l-section wpb_row height_auto width_full\"><div class=\"l-section-h i-cf\"><div class=\"g-cols vc_row via_flex valign_middle type_default stacking_default\"><div class=\"vc_col-sm-6 vc_hidden-xs wpb_column vc_column_container has_bg_color us_animate_afl\" style=\"animation-delay:0.3s\"><div class=\"vc_column-inner us_custom_a7843770\"><div class=\"wpb_wrapper\"><\/div><\/div><\/div><div class=\"vc_col-sm-6 wpb_column vc_column_container has_bg_color us_animate_afr\" style=\"animation-delay:0.3s\"><div class=\"vc_column-inner us_custom_8b264e0a\"><div class=\"wpb_wrapper\"><\/div><\/div><\/div><\/div><\/div><\/section><section class=\"l-section wpb_row height_medium\"><div class=\"l-section-h i-cf\"><div class=\"g-cols vc_row via_flex valign_top type_default stacking_default\"><div class=\"vc_col-sm-12 wpb_column vc_column_container\"><div class=\"vc_column-inner\"><div class=\"wpb_wrapper\"><div class=\"wpb_text_column\"><div class=\"wpb_wrapper\"><h3 style=\"text-align: center;\">Disponibilit\u00e9s<\/h3>\n<\/div><\/div><iframe id='availability-widget' src='https:\/\/tportal.toubiz.de\/zermatt-yannoe\/ukv\/calendar\/TDS00020010416507249?lang=fr&globalReset=1&serviceIDs[]=TDS00020010416524220' width='100%' height='350px' frameborder='0' scrolling='no' style='border:1px solid #ccc;'><\/iframe><div class=\"w-separator size_medium\"><\/div><div class=\"w-actionbox color_primary controls_bottom\"><div class=\"w-actionbox-text\"><h3 class=\"w-actionbox-title\">A un clic de vos vacances de r\u00eave<\/h3><div class=\"w-actionbox-description\"><p>Vous recevrez de nombreux services gratuits en r\u00e9servant directement par ce site.<\/p>\n<\/div><\/div><div class=\"w-actionbox-controls\"><a class=\"w-btn us-btn-style_4 icon_atleft\" style=\"font-size:18px\" target=\"_blank\" rel=\"nofollow\" href=\"https:\/\/tportal.toubiz.de\/zermatt-yannoe\/ukv\/house\/TDS00020010416507249?globalReset=1&amp;lang=fr&amp;globalReset=1\"><i class=\"fas fa-home\"><\/i><span class=\"w-btn-label\">R\u00e9server directement<\/span><\/a><a class=\"w-btn us-btn-style_4 icon_atleft\" style=\"font-size:18px\" title=\"Forfaits\" target=\" _blank\" rel=\"nofollow\" href=\"https:\/\/www.yannoe.ch\/fr\/forfaits\/\"><i class=\"far fa-percent\"><\/i><span class=\"w-btn-label\">Nos forfaits<\/span><\/a><\/div><\/div><\/div><\/div><\/div><\/div><\/div><\/section><section class=\"l-section wpb_row trustyou-chalet-review height_medium\"><div class=\"l-section-h i-cf\"><div class=\"g-cols vc_row via_flex valign_top type_default stacking_default\"><div class=\"vc_col-sm-12 wpb_column vc_column_container\"><div class=\"vc_column-inner\"><div class=\"wpb_wrapper\"><div class=\"wpb_text_column\"><div class=\"wpb_wrapper\"><h2 style=\"text-align: center;\">Ce que disent nos h\u00f4tes<\/h2>\n<\/div><\/div><iframe src='https:\/\/api.trustyou.com\/hotels\/a790eb04-4a62-4d2e-add5-ef34b0d7c3d6\/reviews.html?key=29ec30b3-bc0f-41b4-b58d-7cf2ea168ed1&iframe_resizer=true&amp;lang=fr' width='100%' frameborder='0' scrolling='no'><\/iframe>\n\t\t\t\t\t<script type='text\/javascript' src='https:\/\/widgets.zermatt.ch\/trustyou\/js\/iframeResize.js'><\/script><\/div><\/div><\/div><\/div><\/div><\/section><!-- Row Backgrounds --><div class=\"upb_color\" data-bg-override=\"0\" data-bg-color=\"#e3e0d8\" data-fadeout=\"\" data-fadeout-percentage=\"30\" data-parallax-content=\"\" data-parallax-content-sense=\"30\" data-row-effect-mobile-disable=\"true\" data-img-parallax-mobile-disable=\"true\" data-rtl=\"false\"  data-custom-vc-row=\"\"  data-vc=\"8.7.3\"  data-is_old_vc=\"\"  data-theme-support=\"\"   data-overlay=\"false\" data-overlay-color=\"\" data-overlay-pattern=\"\" data-overlay-pattern-opacity=\"\" data-overlay-pattern-size=\"\"    ><\/div>\n","protected":false},"excerpt":{"rendered":"<p>Le confortable Chalet Z&#8217;Flesche *** Sup\u00e9rieur offre un espace pouvant accueillir jusqu&#8217;\u00e0 4 personnes sur deux \u00e9tages avec 55 m\u00e8tres carr\u00e9s, des huttes romantiques pr\u00e8s du po\u00eale su\u00e9dois chauffant, avec tout ce que nos clients disent : &#8220;petit mais beau&#8221;.<\/p>\n","protected":false},"author":1,"featured_media":0,"parent":0,"menu_order":0,"comment_status":"closed","ping_status":"closed","template":"","meta":{"_acf_changed":false,"footnotes":""},"class_list":["post-6300","page","type-page","status-publish","hentry"],"acf":[],"yoast_head":"<title>Le Chalet Z&#039;Flesche avec un po\u00eale su\u00e9dois - Residence YanNoe<\/title>\n<meta name=\"description\" content=\"Le confortable Chalet Z&#039;Flesche *** Sup\u00e9rieur offre un espace pouvant accueillir jusqu&#039;\u00e0 4 personnes sur deux \u00e9tages avec 55 m\u00e8tres carr\u00e9s, des huttes romantiques pr\u00e8s du po\u00eale su\u00e9dois chauffant, avec tout ce que nos clients disent : &quot;petit mais beau&quot;.\" \/>\n<meta name=\"robots\" content=\"index, follow, max-snippet:-1, max-image-preview:large, max-video-preview:-1\" \/>\n<link rel=\"canonical\" href=\"https:\/\/www.yannoe.ch\/chalet-zflesche\/\" \/>\n<meta property=\"og:locale\" content=\"fr_FR\" \/>\n<meta property=\"og:type\" content=\"article\" \/>\n<meta property=\"og:title\" content=\"Le Chalet Z&#039;Flesche avec un po\u00eale su\u00e9dois - Residence YanNoe\" \/>\n<meta property=\"og:description\" content=\"Le confortable Chalet Z&#039;Flesche *** Sup\u00e9rieur offre un espace pouvant accueillir jusqu&#039;\u00e0 4 personnes sur deux \u00e9tages avec 55 m\u00e8tres carr\u00e9s, des huttes romantiques pr\u00e8s du po\u00eale su\u00e9dois chauffant, avec tout ce que nos clients disent : &quot;petit mais beau&quot;.\" \/>\n<meta property=\"og:url\" content=\"https:\/\/www.yannoe.ch\/chalet-zflesche\/\" \/>\n<meta property=\"og:site_name\" content=\"Residence Yannoe\" \/>\n<meta property=\"article:publisher\" content=\"https:\/\/www.facebook.com\/residence.yannoe\/\" \/>\n<meta property=\"article:modified_time\" content=\"2022-04-13T03:36:14+00:00\" \/>\n<meta name=\"twitter:card\" content=\"summary_large_image\" \/>\n<meta name=\"twitter:label1\" content=\"Est. reading time\" \/>\n\t<meta name=\"twitter:data1\" content=\"9 minutes\" \/>\n<script type=\"application\/ld+json\" class=\"yoast-schema-graph\">{\"@context\":\"https:\\\/\\\/schema.org\",\"@graph\":[{\"@type\":\"WebPage\",\"@id\":\"https:\\\/\\\/www.yannoe.ch\\\/chalet-zflesche\\\/\",\"url\":\"https:\\\/\\\/www.yannoe.ch\\\/chalet-zflesche\\\/\",\"name\":\"Le Chalet Z'Flesche avec un po\u00eale su\u00e9dois - Residence YanNoe\",\"isPartOf\":{\"@id\":\"https:\\\/\\\/www.yannoe.ch\\\/#website\"},\"datePublished\":\"2021-12-30T18:40:49+00:00\",\"dateModified\":\"2022-04-13T03:36:14+00:00\",\"description\":\"Le confortable Chalet Z'Flesche *** Sup\u00e9rieur offre un espace pouvant accueillir jusqu'\u00e0 4 personnes sur deux \u00e9tages avec 55 m\u00e8tres carr\u00e9s, des huttes romantiques pr\u00e8s du po\u00eale su\u00e9dois chauffant, avec tout ce que nos clients disent : \\\"petit mais beau\\\".\",\"breadcrumb\":{\"@id\":\"https:\\\/\\\/www.yannoe.ch\\\/chalet-zflesche\\\/#breadcrumb\"},\"inLanguage\":\"fr-FR\",\"potentialAction\":[{\"@type\":\"ReadAction\",\"target\":[\"https:\\\/\\\/www.yannoe.ch\\\/chalet-zflesche\\\/\"]}]},{\"@type\":\"BreadcrumbList\",\"@id\":\"https:\\\/\\\/www.yannoe.ch\\\/chalet-zflesche\\\/#breadcrumb\",\"itemListElement\":[{\"@type\":\"ListItem\",\"position\":1,\"name\":\"Startseite\",\"item\":\"https:\\\/\\\/www.yannoe.ch\\\/fr\\\/\"},{\"@type\":\"ListItem\",\"position\":2,\"name\":\"Chalet Z&#8217;Flesche\"}]},{\"@type\":\"WebSite\",\"@id\":\"https:\\\/\\\/www.yannoe.ch\\\/#website\",\"url\":\"https:\\\/\\\/www.yannoe.ch\\\/\",\"name\":\"Residence Yannoe\",\"description\":\"Ferienwohnung mieten\",\"publisher\":{\"@id\":\"https:\\\/\\\/www.yannoe.ch\\\/#organization\"},\"potentialAction\":[{\"@type\":\"SearchAction\",\"target\":{\"@type\":\"EntryPoint\",\"urlTemplate\":\"https:\\\/\\\/www.yannoe.ch\\\/?s={search_term_string}\"},\"query-input\":{\"@type\":\"PropertyValueSpecification\",\"valueRequired\":true,\"valueName\":\"search_term_string\"}}],\"inLanguage\":\"fr-FR\"},{\"@type\":\"Organization\",\"@id\":\"https:\\\/\\\/www.yannoe.ch\\\/#organization\",\"name\":\"Residence YanNoe\",\"url\":\"https:\\\/\\\/www.yannoe.ch\\\/\",\"logo\":{\"@type\":\"ImageObject\",\"inLanguage\":\"fr-FR\",\"@id\":\"https:\\\/\\\/www.yannoe.ch\\\/#\\\/schema\\\/logo\\\/image\\\/\",\"url\":\"https:\\\/\\\/www.yannoe.ch\\\/wp-content\\\/uploads\\\/2018\\\/04\\\/logo-residence-yannoe-1.png\",\"contentUrl\":\"https:\\\/\\\/www.yannoe.ch\\\/wp-content\\\/uploads\\\/2018\\\/04\\\/logo-residence-yannoe-1.png\",\"width\":133,\"height\":90,\"caption\":\"Residence YanNoe\"},\"image\":{\"@id\":\"https:\\\/\\\/www.yannoe.ch\\\/#\\\/schema\\\/logo\\\/image\\\/\"},\"sameAs\":[\"https:\\\/\\\/www.facebook.com\\\/residence.yannoe\\\/\"]}]}<\/script>","yoast_head_json":{"title":"Le Chalet Z'Flesche avec un po\u00eale su\u00e9dois - Residence YanNoe","description":"Le confortable Chalet Z'Flesche *** Sup\u00e9rieur offre un espace pouvant accueillir jusqu'\u00e0 4 personnes sur deux \u00e9tages avec 55 m\u00e8tres carr\u00e9s, des huttes romantiques pr\u00e8s du po\u00eale su\u00e9dois chauffant, avec tout ce que nos clients disent : \"petit mais beau\".","robots":{"index":"index","follow":"follow","max-snippet":"max-snippet:-1","max-image-preview":"max-image-preview:large","max-video-preview":"max-video-preview:-1"},"canonical":"https:\/\/www.yannoe.ch\/chalet-zflesche\/","og_locale":"fr_FR","og_type":"article","og_title":"Le Chalet Z'Flesche avec un po\u00eale su\u00e9dois - Residence YanNoe","og_description":"Le confortable Chalet Z'Flesche *** Sup\u00e9rieur offre un espace pouvant accueillir jusqu'\u00e0 4 personnes sur deux \u00e9tages avec 55 m\u00e8tres carr\u00e9s, des huttes romantiques pr\u00e8s du po\u00eale su\u00e9dois chauffant, avec tout ce que nos clients disent : \"petit mais beau\".","og_url":"https:\/\/www.yannoe.ch\/chalet-zflesche\/","og_site_name":"Residence Yannoe","article_publisher":"https:\/\/www.facebook.com\/residence.yannoe\/","article_modified_time":"2022-04-13T03:36:14+00:00","twitter_card":"summary_large_image","twitter_misc":{"Est. reading time":"9 minutes"},"schema":{"@context":"https:\/\/schema.org","@graph":[{"@type":"WebPage","@id":"https:\/\/www.yannoe.ch\/chalet-zflesche\/","url":"https:\/\/www.yannoe.ch\/chalet-zflesche\/","name":"Le Chalet Z'Flesche avec un po\u00eale su\u00e9dois - Residence YanNoe","isPartOf":{"@id":"https:\/\/www.yannoe.ch\/#website"},"datePublished":"2021-12-30T18:40:49+00:00","dateModified":"2022-04-13T03:36:14+00:00","description":"Le confortable Chalet Z'Flesche *** Sup\u00e9rieur offre un espace pouvant accueillir jusqu'\u00e0 4 personnes sur deux \u00e9tages avec 55 m\u00e8tres carr\u00e9s, des huttes romantiques pr\u00e8s du po\u00eale su\u00e9dois chauffant, avec tout ce que nos clients disent : \"petit mais beau\".","breadcrumb":{"@id":"https:\/\/www.yannoe.ch\/chalet-zflesche\/#breadcrumb"},"inLanguage":"fr-FR","potentialAction":[{"@type":"ReadAction","target":["https:\/\/www.yannoe.ch\/chalet-zflesche\/"]}]},{"@type":"BreadcrumbList","@id":"https:\/\/www.yannoe.ch\/chalet-zflesche\/#breadcrumb","itemListElement":[{"@type":"ListItem","position":1,"name":"Startseite","item":"https:\/\/www.yannoe.ch\/fr\/"},{"@type":"ListItem","position":2,"name":"Chalet Z&#8217;Flesche"}]},{"@type":"WebSite","@id":"https:\/\/www.yannoe.ch\/#website","url":"https:\/\/www.yannoe.ch\/","name":"Residence Yannoe","description":"Ferienwohnung mieten","publisher":{"@id":"https:\/\/www.yannoe.ch\/#organization"},"potentialAction":[{"@type":"SearchAction","target":{"@type":"EntryPoint","urlTemplate":"https:\/\/www.yannoe.ch\/?s={search_term_string}"},"query-input":{"@type":"PropertyValueSpecification","valueRequired":true,"valueName":"search_term_string"}}],"inLanguage":"fr-FR"},{"@type":"Organization","@id":"https:\/\/www.yannoe.ch\/#organization","name":"Residence YanNoe","url":"https:\/\/www.yannoe.ch\/","logo":{"@type":"ImageObject","inLanguage":"fr-FR","@id":"https:\/\/www.yannoe.ch\/#\/schema\/logo\/image\/","url":"https:\/\/www.yannoe.ch\/wp-content\/uploads\/2018\/04\/logo-residence-yannoe-1.png","contentUrl":"https:\/\/www.yannoe.ch\/wp-content\/uploads\/2018\/04\/logo-residence-yannoe-1.png","width":133,"height":90,"caption":"Residence YanNoe"},"image":{"@id":"https:\/\/www.yannoe.ch\/#\/schema\/logo\/image\/"},"sameAs":["https:\/\/www.facebook.com\/residence.yannoe\/"]}]}},"_links":{"self":[{"href":"https:\/\/www.yannoe.ch\/fr\/wp-json\/wp\/v2\/pages\/6300","targetHints":{"allow":["GET"]}}],"collection":[{"href":"https:\/\/www.yannoe.ch\/fr\/wp-json\/wp\/v2\/pages"}],"about":[{"href":"https:\/\/www.yannoe.ch\/fr\/wp-json\/wp\/v2\/types\/page"}],"author":[{"embeddable":true,"href":"https:\/\/www.yannoe.ch\/fr\/wp-json\/wp\/v2\/users\/1"}],"replies":[{"embeddable":true,"href":"https:\/\/www.yannoe.ch\/fr\/wp-json\/wp\/v2\/comments?post=6300"}],"version-history":[{"count":4,"href":"https:\/\/www.yannoe.ch\/fr\/wp-json\/wp\/v2\/pages\/6300\/revisions"}],"predecessor-version":[{"id":6506,"href":"https:\/\/www.yannoe.ch\/fr\/wp-json\/wp\/v2\/pages\/6300\/revisions\/6506"}],"wp:attachment":[{"href":"https:\/\/www.yannoe.ch\/fr\/wp-json\/wp\/v2\/media?parent=6300"}],"curies":[{"name":"wp","href":"https:\/\/api.w.org\/{rel}","templated":true}]}}