{"id":6304,"date":"2024-07-10T19:53:37","date_gmt":"2024-07-10T17:53:37","guid":{"rendered":"https:\/\/www.yannoe.ch\/chalet-hinter-dem-rot-stei\/"},"modified":"2024-07-18T10:50:05","modified_gmt":"2024-07-18T08:50:05","slug":"chalet-hinter-dem-rot-stei","status":"publish","type":"page","link":"https:\/\/www.yannoe.ch\/fr\/chalet-hinter-dem-rot-stei\/","title":{"rendered":"Chalet Hinter dem Rot Stei"},"content":{"rendered":"<section class=\"l-section wpb_row height_auto width_full\"><div class=\"l-section-h i-cf\"><div class=\"g-cols vc_row via_flex valign_top type_default stacking_default\"><div class=\"vc_col-sm-12 wpb_column vc_column_container\"><div class=\"vc_column-inner\"><div class=\"wpb_wrapper\">[rev_slider_vc alias=&#8221;hinter-dem-rot-stei&#8221;]<\/div><\/div><\/div><\/div><\/div><\/section><section class=\"l-section wpb_row height_medium\"><div class=\"l-section-h i-cf\"><div class=\"g-cols vc_row via_flex valign_top type_default stacking_default\"><div class=\"vc_col-sm-12 wpb_column vc_column_container\"><div class=\"vc_column-inner\"><div class=\"wpb_wrapper\"><div class=\"wpb_text_column\"><div class=\"wpb_wrapper\"><h1 style=\"text-align: center;\"><span style=\"color: #7d3d0b;\"><strong>Chalet Hinter dem Rot Stei****<br \/>\n<\/strong><\/span><\/h1>\n<\/div><\/div><\/div><\/div><\/div><\/div><\/div><\/section><section class=\"l-section wpb_row height_medium\"><div class=\"l-section-h i-cf\"><div class=\"g-cols vc_row via_flex valign_middle type_default stacking_default\"><div class=\"vc_col-sm-8 wpb_column vc_column_container\"><div class=\"vc_column-inner\"><div class=\"wpb_wrapper\"><div class=\"w-video align_center ratio_16x9 with_overlay has_iframe\" style=\"background-image:url(https:\/\/www.yannoe.ch\/wp-content\/uploads\/2018\/03\/Chalet-Hinter-Dem-Rot-Stei-321.jpg);\" onclick=\"return {&quot;player_id&quot;:&quot;youtube-k9cc&quot;,&quot;player_api&quot;:&quot;\\\/\\\/www.youtube.com\\\/player_api&quot;,&quot;player_html&quot;:&quot;&lt;div id=\\&quot;youtube-k9cc\\&quot;&gt;&lt;\\\/div&gt;&lt;script&gt;\\r\\n\\t\\t\\twindow.USYTPlayers = ( window.USYTPlayers || { initYTFunctions: [], optionsYT: [], USYTInited: false } );\\r\\n\\t\\t\\twindow.USYTPlayers.optionsYT.push( {\\r\\n\\t\\t\\t\\tplayerID: \\&quot;youtube-k9cc\\&quot;,\\r\\n\\t\\t\\t\\tvideoID: \\&quot;P7uFkFwVjfE\\&quot;,\\r\\n\\t\\t\\t\\tplayerVars: {\\&quot;autoplay\\&quot;:1,\\&quot;controls\\&quot;:1,\\&quot;origin\\&quot;:\\&quot;https:\\\\\\\/\\\\\\\/www.yannoe.ch\\\\\\\/fr\\\\\\\/\\&quot;,\\&quot;loop\\&quot;:0,\\&quot;mute\\&quot;:0,\\&quot;playlist\\&quot;:\\&quot;P7uFkFwVjfE\\&quot;}\\r\\n\\t\\t\\t} );\\r\\n\\t\\t\\tif ( window.USYTPlayers.USYTInited === false ) {\\r\\n\\t\\t\\t\\t\\\/\\\/ Trying to override other possible WP YT API calls if our element is used\\r\\n\\t\\t\\t\\twindow.USYTPlayers.USYTInited = true;\\r\\n\\r\\n\\t\\t\\t\\twindow.onYouTubePlayerAPIReady = function() {\\r\\n\\t\\t\\t\\t\\tfor ( var i in window.USYTPlayers.optionsYT ) {\\r\\n\\t\\t\\t\\t\\t\\tvar _playerParams = window.USYTPlayers.optionsYT[ i ];\\r\\n\\t\\t\\t\\t\\t\\t$us.YTPlayers[ _playerParams.playerID ] = new YT.Player( _playerParams.playerID, {\\r\\n\\t\\t\\t\\t\\t\\t\\tvideoId: _playerParams.videoID,\\r\\n\\t\\t\\t\\t\\t\\t\\tplayerVars: _playerParams.playerVars\\r\\n\\t\\t\\t\\t\\t\\t} );\\r\\n\\t\\t\\t\\t\\t}\\r\\n\\t\\t\\t\\t}\\r\\n\\t\\t\\t}\\r\\n\\t\\t\\tif ( !!window.YT ) {\\r\\n\\t\\t\\t\\t$us.YTPlayers[\\&quot;youtube-k9cc\\&quot;] = new YT.Player( \\&quot;youtube-k9cc\\&quot;, {\\r\\n\\t\\t\\t\\t\\tvideoId: \\&quot;P7uFkFwVjfE\\&quot;,\\r\\n\\t\\t\\t\\t\\tplayerVars: {\\&quot;autoplay\\&quot;:1,\\&quot;controls\\&quot;:1,\\&quot;origin\\&quot;:\\&quot;https:\\\\\\\/\\\\\\\/www.yannoe.ch\\\\\\\/fr\\\\\\\/\\&quot;,\\&quot;loop\\&quot;:0,\\&quot;mute\\&quot;:0,\\&quot;playlist\\&quot;:\\&quot;P7uFkFwVjfE\\&quot;}\\r\\n\\t\\t\\t\\t} );\\r\\n\\t\\t\\t}\\r\\n\\t\\t&lt;\\\/script&gt;&quot;}\"><button class=\"w-video-play\" type=\"button\" aria-label=\"Play\"><span class=\"w-video-play-icon\" style=\"font-size:1.5rem;background:rgba(237,237,237,0.85);color:#dd3333\"><\/span><\/button><div class=\"w-video-h\"><\/div><\/div><\/div><\/div><\/div><div class=\"vc_col-sm-4 wpb_column vc_column_container\"><div class=\"vc_column-inner\"><div class=\"wpb_wrapper\"><div class=\"w-iconbox iconpos_left style_circle color_custom align_left no_text\"><div class=\"w-iconbox-icon\" style=\"font-size:28px;--icon-color:#dd3333;--icon-bg-color:#ededed;\"><i class=\"fas fa-map-signs\"><\/i><\/div><div class=\"w-iconbox-meta\"><h6 class=\"w-iconbox-title\" style=\"font-size:1.5rem;\">Situation extraordinaire<\/h6><\/div><\/div><div class=\"w-separator size_small\"><\/div><div class=\"w-iconbox iconpos_left style_circle color_custom align_left no_text\"><div class=\"w-iconbox-icon\" style=\"font-size:28px;--icon-color:#dd3333;--icon-bg-color:#ededed;\"><i class=\"material-icons\">pool<\/i><\/div><div class=\"w-iconbox-meta\"><h6 class=\"w-iconbox-title\" style=\"font-size:1.5rem;\">Bain \u00e0 remous ext\u00e9rieur chauff\u00e9<\/h6><\/div><\/div><div class=\"w-separator size_small\"><\/div><div class=\"w-iconbox iconpos_left style_circle color_custom align_left no_text\"><div class=\"w-iconbox-icon\" style=\"font-size:28px;--icon-color:#dd3333;--icon-bg-color:#ededed;\"><i class=\"fas fa-fire\"><\/i><\/div><div class=\"w-iconbox-meta\"><h6 class=\"w-iconbox-title\" style=\"font-size:1.5rem;\">Empiler<\/h6><\/div><\/div><div class=\"w-separator size_small\"><\/div><div class=\"w-iconbox iconpos_left style_circle color_custom align_left no_text\"><div class=\"w-iconbox-icon\" style=\"font-size:28px;--icon-color:#dd3333;--icon-bg-color:#ededed;\"><i class=\"material-icons\">spa<\/i><\/div><div class=\"w-iconbox-meta\"><h6 class=\"w-iconbox-title\" style=\"font-size:1.5rem;\">Sauna priv\u00e9<\/h6><\/div><\/div><\/div><\/div><\/div><\/div><\/div><\/section><!-- Row Backgrounds --><div class=\"upb_color\" data-bg-override=\"0\" data-bg-color=\"#e3e0d8\" data-fadeout=\"\" data-fadeout-percentage=\"30\" data-parallax-content=\"\" data-parallax-content-sense=\"30\" data-row-effect-mobile-disable=\"true\" data-img-parallax-mobile-disable=\"true\" data-rtl=\"false\"  data-custom-vc-row=\"\"  data-vc=\"8.7.2\"  data-is_old_vc=\"\"  data-theme-support=\"\"   data-overlay=\"false\" data-overlay-color=\"\" data-overlay-pattern=\"\" data-overlay-pattern-opacity=\"\" data-overlay-pattern-size=\"\"    ><\/div><section class=\"l-section wpb_row height_small\"><div class=\"l-section-h i-cf\"><div class=\"g-cols vc_row via_flex valign_middle type_default stacking_default\"><div class=\"vc_col-sm-12 wpb_column vc_column_container\"><div class=\"vc_column-inner\"><div class=\"wpb_wrapper\"><div class=\"w-btn-wrapper align_center\"><a class=\"w-btn us-btn-style_5 us_custom_c96a8a09 icon_atleft\" title=\"Galerie de photos \u2013 Chalet Hinter dem Rot Stei\" href=\"https:\/\/www.yannoe.ch\/fr\/chalet-hinter-dem-rot-stei\/galerie-photos-chalet-hinter-dem-rot-stei\/\"><i class=\"fad fa-camera\"><\/i><span class=\"w-btn-label\">Galerie de photos<\/span><\/a><\/div><\/div><\/div><\/div><\/div><\/div><\/section><section class=\"l-section wpb_row height_medium\"><div class=\"l-section-h i-cf\"><div class=\"g-cols vc_row via_flex valign_top type_default stacking_default\"><div class=\"vc_col-sm-6 wpb_column vc_column_container\"><div class=\"vc_column-inner\"><div class=\"wpb_wrapper\"><div class=\"w-iconbox us_custom_6ae20507 chalet-box-item iconpos_left style_circle color_custom align_left no_title\"><div class=\"w-iconbox-icon\" style=\"font-size:28px;--icon-color:#dd3333;--icon-bg-color:#ededed;\"><i class=\"fas fa-home\"><\/i><\/div><div class=\"w-iconbox-meta\"><div class=\"w-iconbox-text\"><p>Cuisine bien \u00e9quip\u00e9e avec bar attenant<br \/>\nCoin repas agr\u00e9able<br \/>\nS\u00e9jour confortable avec fauteuil relaxant<br \/>\nPo\u00eale en acier inoxydable incl. bois<br \/>\nCoin bureau<\/p>\n<\/div><\/div><\/div><div class=\"w-separator size_small\"><\/div><div class=\"w-iconbox us_custom_6ae20507 chalet-box-item iconpos_left style_circle color_custom align_left no_title\"><div class=\"w-iconbox-icon\" style=\"font-size:28px;--icon-color:#dd3333;--icon-bg-color:#ededed;\"><i class=\"fas fa-wifi\"><\/i><\/div><div class=\"w-iconbox-meta\"><div class=\"w-iconbox-text\"><p>Wifi haut d\u00e9bit gratuit<br \/>\n2 LCD-TV avec SwisscomTV<br \/>\nRadio DAB+, DVD, Sonos One<br \/>\nBluetooth dockingstation<\/p>\n<\/div><\/div><\/div><\/div><\/div><\/div><div class=\"vc_col-sm-6 wpb_column vc_column_container\"><div class=\"vc_column-inner\"><div class=\"wpb_wrapper\"><div class=\"w-iconbox us_custom_6ae20507 chalet-box-item iconpos_left style_circle color_custom align_left no_title\"><div class=\"w-iconbox-icon\" style=\"font-size:28px;--icon-color:#dd3333;--icon-bg-color:#ededed;\"><i class=\"fas fa-bed\"><\/i><\/div><div class=\"w-iconbox-meta\"><div class=\"w-iconbox-text\"><p>Deux chambres doubles<br \/>\nDeux salles de bains avec douche (dont une douche avec effet pluie)<\/p>\n<\/div><\/div><\/div><div class=\"w-separator size_small\"><\/div><div class=\"w-iconbox us_custom_6ae20507 chalet-box-item iconpos_left style_circle color_custom align_left no_title\"><div class=\"w-iconbox-icon\" style=\"font-size:28px;--icon-color:#dd3333;--icon-bg-color:#ededed;\"><i class=\"fas fa-sun\"><\/i><\/div><div class=\"w-iconbox-meta\"><div class=\"w-iconbox-text\"><p>Balcon orient\u00e9 est et sud-ouest<br \/>\nEn hiver, chauffage pour chaussures de ski<br \/>\nEn \u00e9t\u00e9, chaises longues, parasol<br \/>\nTerrasse avec table et bancs et gril \u00e0 gaz<br \/>\nTerrasse suppl\u00e9mentaire avec lounge relax<\/p>\n<\/div><\/div><\/div><\/div><\/div><\/div><\/div><\/div><\/section><section class=\"l-section wpb_row height_medium\"><div class=\"l-section-h i-cf\"><div class=\"g-cols vc_row via_flex valign_top type_default stacking_default\"><div class=\"vc_col-sm-6 wpb_column vc_column_container\"><div class=\"vc_column-inner\"><div class=\"wpb_wrapper\"><div class=\"w-btn-wrapper align_center\"><a class=\"w-btn us-btn-style_3 us_custom_a5c88937 icon_atleft\" target=\" _blank\" rel=\"nofollow\" href=\"https:\/\/www.yannoe.ch\/wp-content\/uploads\/2018\/03\/EG-Rot-Stei.pdf\"><i class=\"fas fa-border-none\"><\/i><span class=\"w-btn-label\">Plan rez-de-chauss\u00e9e<\/span><\/a><\/div><\/div><\/div><\/div><div class=\"vc_col-sm-6 wpb_column vc_column_container\"><div class=\"vc_column-inner\"><div class=\"wpb_wrapper\"><div class=\"w-btn-wrapper align_center\"><a class=\"w-btn us-btn-style_3 us_custom_a5c88937 icon_atleft\" target=\" _blank\" rel=\"nofollow\" href=\"https:\/\/www.yannoe.ch\/wp-content\/uploads\/2018\/03\/OG-Rot-Stei.pdf\"><i class=\"fas fa-border-none\"><\/i><span class=\"w-btn-label\">Plan d&#8217;\u00e9tage premier \u00e9tage<\/span><\/a><\/div><\/div><\/div><\/div><\/div><\/div><\/section><section class=\"l-section wpb_row height_auto width_full\"><div class=\"l-section-h i-cf\"><div class=\"g-cols vc_row via_flex valign_middle type_default stacking_default\"><div class=\"vc_col-sm-6 vc_hidden-xs wpb_column vc_column_container has_bg_color us_animate_afl\" style=\"animation-delay:0.3s\"><div class=\"vc_column-inner us_custom_c77d1808\"><div class=\"wpb_wrapper\"><\/div><\/div><\/div><div class=\"vc_col-sm-6 wpb_column vc_column_container has_bg_color us_animate_afr\" style=\"animation-delay:0.3s\"><div class=\"vc_column-inner us_custom_775754ad\"><div class=\"wpb_wrapper\"><\/div><\/div><\/div><\/div><\/div><\/section><section class=\"l-section wpb_row height_medium\"><div class=\"l-section-h i-cf\"><div class=\"g-cols vc_row via_flex valign_top type_default stacking_default\"><div class=\"vc_col-sm-12 wpb_column vc_column_container\"><div class=\"vc_column-inner\"><div class=\"wpb_wrapper\"><div class=\"w-separator size_medium\"><\/div><div class=\"w-actionbox color_primary controls_bottom\"><div class=\"w-actionbox-text\"><h3 class=\"w-actionbox-title\">A un clic de vos vacances de r\u00eave<\/h3><div class=\"w-actionbox-description\"><p>Vous recevrez de nombreux services gratuits en r\u00e9servant directement par ce site.<\/p>\n<\/div><\/div><div class=\"w-actionbox-controls\"><a class=\"w-btn us-btn-style_4 icon_atleft\" style=\"font-size:18px\" target=\"_blank\" rel=\"nofollow\" href=\"https:\/\/tbooking.toubiz.de\/TDS00020010416505270\/tbooking?globalReset=1&amp;lang=fr\"><i class=\"fas fa-home\"><\/i><span class=\"w-btn-label\">R\u00e9server directement<\/span><\/a><a class=\"w-btn us-btn-style_4 icon_atleft\" style=\"font-size:18px\" target=\"_blank\" rel=\"nofollow\" title=\"Forfaits\" href=\"https:\/\/www.yannoe.ch\/fr\/forfaits\/\"><i class=\"far fa-percent\"><\/i><span class=\"w-btn-label\">Nos forfaits<\/span><\/a><\/div><\/div><\/div><\/div><\/div><\/div><\/div><\/section><section class=\"l-section wpb_row trustyou-chalet-review height_medium\"><div class=\"l-section-h i-cf\"><div class=\"g-cols vc_row via_flex valign_top type_default stacking_default\"><div class=\"vc_col-sm-12 wpb_column vc_column_container\"><div class=\"vc_column-inner\"><div class=\"wpb_wrapper\"><div class=\"wpb_text_column\"><div class=\"wpb_wrapper\"><h2 style=\"text-align: center;\">Ce que disent nos h\u00f4tes<\/h2>\n<\/div><\/div><iframe src='https:\/\/api.trustyou.com\/hotels\/c8bc69b5-6626-4e4a-9494-299531e63000\/reviews.html?key=29ec30b3-bc0f-41b4-b58d-7cf2ea168ed1&iframe_resizer=true&amp;lang=fr' width='100%' frameborder='0' scrolling='no'><\/iframe>\n\t\t\t\t\t<script type='text\/javascript' src='https:\/\/widgets.zermatt.ch\/trustyou\/js\/iframeResize.js'><\/script><\/div><\/div><\/div><\/div><\/div><\/section><!-- Row Backgrounds --><div class=\"upb_color\" data-bg-override=\"0\" data-bg-color=\"#e3e0d8\" data-fadeout=\"\" data-fadeout-percentage=\"30\" data-parallax-content=\"\" data-parallax-content-sense=\"30\" data-row-effect-mobile-disable=\"true\" data-img-parallax-mobile-disable=\"true\" data-rtl=\"false\"  data-custom-vc-row=\"\"  data-vc=\"8.7.2\"  data-is_old_vc=\"\"  data-theme-support=\"\"   data-overlay=\"false\" data-overlay-color=\"\" data-overlay-pattern=\"\" data-overlay-pattern-opacity=\"\" data-overlay-pattern-size=\"\"    ><\/div>\n","protected":false},"excerpt":{"rendered":"<p>Profitez d&#8217;une touche de luxe dans le chalet de vacances Hinter dem Rot Stei sur 110 m\u00e8tres carr\u00e9s sur 2 \u00e9tages, plus une vue fantastique sur la magnifique mer de lumi\u00e8re du village du Cervin de Zermatt. D\u00e9tente garantie dans le bain \u00e0 remous ext\u00e9rieur chauff\u00e9 et le sauna, privatifs.<\/p>\n","protected":false},"author":1,"featured_media":0,"parent":0,"menu_order":0,"comment_status":"closed","ping_status":"closed","template":"","meta":{"_acf_changed":false,"footnotes":""},"class_list":["post-6304","page","type-page","status-publish","hentry"],"acf":[],"yoast_head":"<title>Luxe \u00e0 l&#039;\u00e9tat pur au Chalet Hinter dem Rot Stei - Residence Yannoe<\/title>\n<meta name=\"description\" content=\"Profitez d&#039;une touche de luxe dans le chalet de vacances Hinter dem Rot Stei sur 110 m\u00e8tres carr\u00e9s sur 2 \u00e9tages, plus une vue fantastique sur la magnifique mer de lumi\u00e8re du village du Cervin de Zermatt. D\u00e9tente garantie dans le bain \u00e0 remous ext\u00e9rieur chauff\u00e9 et le sauna, privatifs.\" \/>\n<meta name=\"robots\" content=\"index, follow, max-snippet:-1, max-image-preview:large, max-video-preview:-1\" \/>\n<link rel=\"canonical\" href=\"https:\/\/www.yannoe.ch\/fr\/chalet-hinter-dem-rot-stei\/\" \/>\n<meta property=\"og:locale\" content=\"fr_FR\" \/>\n<meta property=\"og:type\" content=\"article\" \/>\n<meta property=\"og:title\" content=\"Luxe \u00e0 l&#039;\u00e9tat pur au Chalet Hinter dem Rot Stei - Residence Yannoe\" \/>\n<meta property=\"og:description\" content=\"Profitez d&#039;une touche de luxe dans le chalet de vacances Hinter dem Rot Stei sur 110 m\u00e8tres carr\u00e9s sur 2 \u00e9tages, plus une vue fantastique sur la magnifique mer de lumi\u00e8re du village du Cervin de Zermatt. D\u00e9tente garantie dans le bain \u00e0 remous ext\u00e9rieur chauff\u00e9 et le sauna, privatifs.\" \/>\n<meta property=\"og:url\" content=\"https:\/\/www.yannoe.ch\/fr\/chalet-hinter-dem-rot-stei\/\" \/>\n<meta property=\"og:site_name\" content=\"Residence Yannoe\" \/>\n<meta property=\"article:publisher\" content=\"https:\/\/www.facebook.com\/residence.yannoe\/\" \/>\n<meta property=\"article:modified_time\" content=\"2024-07-18T08:50:05+00:00\" \/>\n<meta name=\"twitter:card\" content=\"summary_large_image\" \/>\n<meta name=\"twitter:label1\" content=\"Est. reading time\" \/>\n\t<meta name=\"twitter:data1\" content=\"2 minutes\" \/>\n<script type=\"application\/ld+json\" class=\"yoast-schema-graph\">{\"@context\":\"https:\\\/\\\/schema.org\",\"@graph\":[{\"@type\":\"WebPage\",\"@id\":\"https:\\\/\\\/www.yannoe.ch\\\/fr\\\/chalet-hinter-dem-rot-stei\\\/\",\"url\":\"https:\\\/\\\/www.yannoe.ch\\\/fr\\\/chalet-hinter-dem-rot-stei\\\/\",\"name\":\"Luxe \u00e0 l'\u00e9tat pur au Chalet Hinter dem Rot Stei - Residence Yannoe\",\"isPartOf\":{\"@id\":\"https:\\\/\\\/www.yannoe.ch\\\/#website\"},\"datePublished\":\"2024-07-10T17:53:37+00:00\",\"dateModified\":\"2024-07-18T08:50:05+00:00\",\"description\":\"Profitez d'une touche de luxe dans le chalet de vacances Hinter dem Rot Stei sur 110 m\u00e8tres carr\u00e9s sur 2 \u00e9tages, plus une vue fantastique sur la magnifique mer de lumi\u00e8re du village du Cervin de Zermatt. D\u00e9tente garantie dans le bain \u00e0 remous ext\u00e9rieur chauff\u00e9 et le sauna, privatifs.\",\"breadcrumb\":{\"@id\":\"https:\\\/\\\/www.yannoe.ch\\\/fr\\\/chalet-hinter-dem-rot-stei\\\/#breadcrumb\"},\"inLanguage\":\"fr-FR\",\"potentialAction\":[{\"@type\":\"ReadAction\",\"target\":[\"https:\\\/\\\/www.yannoe.ch\\\/fr\\\/chalet-hinter-dem-rot-stei\\\/\"]}]},{\"@type\":\"BreadcrumbList\",\"@id\":\"https:\\\/\\\/www.yannoe.ch\\\/fr\\\/chalet-hinter-dem-rot-stei\\\/#breadcrumb\",\"itemListElement\":[{\"@type\":\"ListItem\",\"position\":1,\"name\":\"Startseite\",\"item\":\"https:\\\/\\\/www.yannoe.ch\\\/fr\\\/\"},{\"@type\":\"ListItem\",\"position\":2,\"name\":\"Chalet Hinter dem Rot Stei\"}]},{\"@type\":\"WebSite\",\"@id\":\"https:\\\/\\\/www.yannoe.ch\\\/#website\",\"url\":\"https:\\\/\\\/www.yannoe.ch\\\/\",\"name\":\"Residence Yannoe\",\"description\":\"Ferienwohnung mieten\",\"publisher\":{\"@id\":\"https:\\\/\\\/www.yannoe.ch\\\/#organization\"},\"potentialAction\":[{\"@type\":\"SearchAction\",\"target\":{\"@type\":\"EntryPoint\",\"urlTemplate\":\"https:\\\/\\\/www.yannoe.ch\\\/?s={search_term_string}\"},\"query-input\":{\"@type\":\"PropertyValueSpecification\",\"valueRequired\":true,\"valueName\":\"search_term_string\"}}],\"inLanguage\":\"fr-FR\"},{\"@type\":\"Organization\",\"@id\":\"https:\\\/\\\/www.yannoe.ch\\\/#organization\",\"name\":\"Residence YanNoe\",\"url\":\"https:\\\/\\\/www.yannoe.ch\\\/\",\"logo\":{\"@type\":\"ImageObject\",\"inLanguage\":\"fr-FR\",\"@id\":\"https:\\\/\\\/www.yannoe.ch\\\/#\\\/schema\\\/logo\\\/image\\\/\",\"url\":\"https:\\\/\\\/www.yannoe.ch\\\/wp-content\\\/uploads\\\/2018\\\/04\\\/logo-residence-yannoe-1.png\",\"contentUrl\":\"https:\\\/\\\/www.yannoe.ch\\\/wp-content\\\/uploads\\\/2018\\\/04\\\/logo-residence-yannoe-1.png\",\"width\":133,\"height\":90,\"caption\":\"Residence YanNoe\"},\"image\":{\"@id\":\"https:\\\/\\\/www.yannoe.ch\\\/#\\\/schema\\\/logo\\\/image\\\/\"},\"sameAs\":[\"https:\\\/\\\/www.facebook.com\\\/residence.yannoe\\\/\"]}]}<\/script>","yoast_head_json":{"title":"Luxe \u00e0 l'\u00e9tat pur au Chalet Hinter dem Rot Stei - Residence Yannoe","description":"Profitez d'une touche de luxe dans le chalet de vacances Hinter dem Rot Stei sur 110 m\u00e8tres carr\u00e9s sur 2 \u00e9tages, plus une vue fantastique sur la magnifique mer de lumi\u00e8re du village du Cervin de Zermatt. D\u00e9tente garantie dans le bain \u00e0 remous ext\u00e9rieur chauff\u00e9 et le sauna, privatifs.","robots":{"index":"index","follow":"follow","max-snippet":"max-snippet:-1","max-image-preview":"max-image-preview:large","max-video-preview":"max-video-preview:-1"},"canonical":"https:\/\/www.yannoe.ch\/fr\/chalet-hinter-dem-rot-stei\/","og_locale":"fr_FR","og_type":"article","og_title":"Luxe \u00e0 l'\u00e9tat pur au Chalet Hinter dem Rot Stei - Residence Yannoe","og_description":"Profitez d'une touche de luxe dans le chalet de vacances Hinter dem Rot Stei sur 110 m\u00e8tres carr\u00e9s sur 2 \u00e9tages, plus une vue fantastique sur la magnifique mer de lumi\u00e8re du village du Cervin de Zermatt. D\u00e9tente garantie dans le bain \u00e0 remous ext\u00e9rieur chauff\u00e9 et le sauna, privatifs.","og_url":"https:\/\/www.yannoe.ch\/fr\/chalet-hinter-dem-rot-stei\/","og_site_name":"Residence Yannoe","article_publisher":"https:\/\/www.facebook.com\/residence.yannoe\/","article_modified_time":"2024-07-18T08:50:05+00:00","twitter_card":"summary_large_image","twitter_misc":{"Est. reading time":"2 minutes"},"schema":{"@context":"https:\/\/schema.org","@graph":[{"@type":"WebPage","@id":"https:\/\/www.yannoe.ch\/fr\/chalet-hinter-dem-rot-stei\/","url":"https:\/\/www.yannoe.ch\/fr\/chalet-hinter-dem-rot-stei\/","name":"Luxe \u00e0 l'\u00e9tat pur au Chalet Hinter dem Rot Stei - Residence Yannoe","isPartOf":{"@id":"https:\/\/www.yannoe.ch\/#website"},"datePublished":"2024-07-10T17:53:37+00:00","dateModified":"2024-07-18T08:50:05+00:00","description":"Profitez d'une touche de luxe dans le chalet de vacances Hinter dem Rot Stei sur 110 m\u00e8tres carr\u00e9s sur 2 \u00e9tages, plus une vue fantastique sur la magnifique mer de lumi\u00e8re du village du Cervin de Zermatt. D\u00e9tente garantie dans le bain \u00e0 remous ext\u00e9rieur chauff\u00e9 et le sauna, privatifs.","breadcrumb":{"@id":"https:\/\/www.yannoe.ch\/fr\/chalet-hinter-dem-rot-stei\/#breadcrumb"},"inLanguage":"fr-FR","potentialAction":[{"@type":"ReadAction","target":["https:\/\/www.yannoe.ch\/fr\/chalet-hinter-dem-rot-stei\/"]}]},{"@type":"BreadcrumbList","@id":"https:\/\/www.yannoe.ch\/fr\/chalet-hinter-dem-rot-stei\/#breadcrumb","itemListElement":[{"@type":"ListItem","position":1,"name":"Startseite","item":"https:\/\/www.yannoe.ch\/fr\/"},{"@type":"ListItem","position":2,"name":"Chalet Hinter dem Rot Stei"}]},{"@type":"WebSite","@id":"https:\/\/www.yannoe.ch\/#website","url":"https:\/\/www.yannoe.ch\/","name":"Residence Yannoe","description":"Ferienwohnung mieten","publisher":{"@id":"https:\/\/www.yannoe.ch\/#organization"},"potentialAction":[{"@type":"SearchAction","target":{"@type":"EntryPoint","urlTemplate":"https:\/\/www.yannoe.ch\/?s={search_term_string}"},"query-input":{"@type":"PropertyValueSpecification","valueRequired":true,"valueName":"search_term_string"}}],"inLanguage":"fr-FR"},{"@type":"Organization","@id":"https:\/\/www.yannoe.ch\/#organization","name":"Residence YanNoe","url":"https:\/\/www.yannoe.ch\/","logo":{"@type":"ImageObject","inLanguage":"fr-FR","@id":"https:\/\/www.yannoe.ch\/#\/schema\/logo\/image\/","url":"https:\/\/www.yannoe.ch\/wp-content\/uploads\/2018\/04\/logo-residence-yannoe-1.png","contentUrl":"https:\/\/www.yannoe.ch\/wp-content\/uploads\/2018\/04\/logo-residence-yannoe-1.png","width":133,"height":90,"caption":"Residence YanNoe"},"image":{"@id":"https:\/\/www.yannoe.ch\/#\/schema\/logo\/image\/"},"sameAs":["https:\/\/www.facebook.com\/residence.yannoe\/"]}]}},"_links":{"self":[{"href":"https:\/\/www.yannoe.ch\/fr\/wp-json\/wp\/v2\/pages\/6304","targetHints":{"allow":["GET"]}}],"collection":[{"href":"https:\/\/www.yannoe.ch\/fr\/wp-json\/wp\/v2\/pages"}],"about":[{"href":"https:\/\/www.yannoe.ch\/fr\/wp-json\/wp\/v2\/types\/page"}],"author":[{"embeddable":true,"href":"https:\/\/www.yannoe.ch\/fr\/wp-json\/wp\/v2\/users\/1"}],"replies":[{"embeddable":true,"href":"https:\/\/www.yannoe.ch\/fr\/wp-json\/wp\/v2\/comments?post=6304"}],"version-history":[{"count":5,"href":"https:\/\/www.yannoe.ch\/fr\/wp-json\/wp\/v2\/pages\/6304\/revisions"}],"predecessor-version":[{"id":7411,"href":"https:\/\/www.yannoe.ch\/fr\/wp-json\/wp\/v2\/pages\/6304\/revisions\/7411"}],"wp:attachment":[{"href":"https:\/\/www.yannoe.ch\/fr\/wp-json\/wp\/v2\/media?parent=6304"}],"curies":[{"name":"wp","href":"https:\/\/api.w.org\/{rel}","templated":true}]}}