{"id":6313,"date":"2024-06-30T20:17:08","date_gmt":"2024-06-30T18:17:08","guid":{"rendered":"https:\/\/www.yannoe.ch\/services\/"},"modified":"2024-07-18T10:56:19","modified_gmt":"2024-07-18T08:56:19","slug":"services","status":"publish","type":"page","link":"https:\/\/www.yannoe.ch\/fr\/services\/","title":{"rendered":"Services"},"content":{"rendered":"<section class=\"l-section wpb_row height_medium\"><div class=\"l-section-h i-cf\"><div class=\"g-cols vc_row via_flex valign_top type_default stacking_default\"><div class=\"vc_col-sm-12 wpb_column vc_column_container\"><div class=\"vc_column-inner\"><div class=\"wpb_wrapper\"><div class=\"wpb_text_column\"><div class=\"wpb_wrapper\"><h1 style=\"text-align: center;\">Services<\/h1>\n<\/div><\/div><div class=\"w-separator us_custom_98325dd9 has_text_color size_medium with_line width_30 thick_1 style_solid color_border align_center\"><div class=\"w-separator-h\"><\/div><\/div><div class=\"w-grid us_grid type_grid layout_1480 cols_3 preload_style_spinner ratio_3x2\" id=\"us_grid_1\" style=\"--columns:3;--gap:4px;--item-ratio:0.66667;\" data-filterable=\"true\"><style>@media (max-width:1024px){#us_grid_1{--columns:2!important}}@media (max-width:600px){#us_grid_1{--columns:1!important}}.layout_1480 .w-grid-item-h{background:#7a7a7a;color:#ffffff}.layout_1480 .usg_post_image_1{transition-duration:0.4s;transform:scale(1) translate(0%,0%);opacity:0.35}.layout_1480 .w-grid-item-h:focus-within .usg_post_image_1,.layout_1480 .w-grid-item-h:hover .usg_post_image_1{transform:scale(1) translate(0%,0%);opacity:1}.layout_1480 .usg_post_title_1{transition-duration:0.3s;transform:scale(1) translate(0%,0%)}.layout_1480 .w-grid-item-h:focus-within .usg_post_title_1,.layout_1480 .w-grid-item-h:hover .usg_post_title_1{transform:scale(1) translate(0%,-100%);opacity:0}.layout_1480 .usg_post_image_1{position:absolute!important;top:0!important;right:0!important;bottom:0!important;left:0!important}.layout_1480 .usg_vwrapper_1{position:absolute!important;top:0!important;right:0!important;bottom:0!important;left:0!important;padding:2rem!important}.layout_1480 .usg_post_title_1{font-size:1.2rem!important;color:inherit!important}<\/style><div class=\"w-grid-list\">\t<article class=\"w-grid-item size_1x1 post-6365 us_portfolio type-us_portfolio status-publish has-post-thumbnail hentry us_portfolio_category-leistungen-fr\" data-id=\"6365\">\r\n\t\t<div class=\"w-grid-item-h\">\r\n\t\t\t\t\t\t\t<a href=\"https:\/\/www.yannoe.ch\/fr\/portfolio\/conditions-generales\/\" class=\"w-grid-item-anchor\" aria-label=\"Conditions g\u00e9n\u00e9rales\"><\/a>\r\n\t\t\t\t\t\t<div class=\"w-post-elm post_image usg_post_image_1 stretched\"><img loading=\"lazy\" decoding=\"async\" width=\"400\" height=\"280\" src=\"https:\/\/www.yannoe.ch\/wp-content\/uploads\/2018\/03\/AGB.jpg\" class=\"attachment-medium_large size-medium_large wp-post-image\" alt=\"general terms_Residence YanNoe\" srcset=\"https:\/\/www.yannoe.ch\/wp-content\/uploads\/2018\/03\/AGB.jpg 400w, https:\/\/www.yannoe.ch\/wp-content\/uploads\/2018\/03\/AGB-300x210.jpg 300w\" sizes=\"auto, (max-width: 400px) 100vw, 400px\" \/><\/div><div class=\"w-vwrapper usg_vwrapper_1 align_center valign_middle\"><h2 class=\"w-post-elm post_title usg_post_title_1 has_text_color entry-title color_link_inherit\">Conditions g\u00e9n\u00e9rales<\/h2><\/div>\t\t<\/div>\r\n\t\t\t<\/article>\r\n\t<article class=\"w-grid-item size_1x1 post-6371 us_portfolio type-us_portfolio status-publish has-post-thumbnail hentry us_portfolio_category-leistungen-fr\" data-id=\"6371\">\r\n\t\t<div class=\"w-grid-item-h\">\r\n\t\t\t\t\t\t\t<a href=\"https:\/\/www.yannoe.ch\/fr\/portfolio\/commande-de-denrees-alimentaires-transport-gratuit-pour-les-reservations-directes\/\" class=\"w-grid-item-anchor\" aria-label=\"Commande de denr\u00e9es alimentaires, transport gratuit pour les r\u00e9servations directes!\"><\/a>\r\n\t\t\t\t\t\t<div class=\"w-post-elm post_image usg_post_image_1 stretched\"><img loading=\"lazy\" decoding=\"async\" width=\"768\" height=\"1024\" src=\"https:\/\/www.yannoe.ch\/wp-content\/uploads\/2021\/01\/Kuehlschrank-rotated.jpg\" class=\"attachment-medium_large size-medium_large wp-post-image\" alt=\"\" srcset=\"https:\/\/www.yannoe.ch\/wp-content\/uploads\/2021\/01\/Kuehlschrank-rotated.jpg 2448w, https:\/\/www.yannoe.ch\/wp-content\/uploads\/2021\/01\/Kuehlschrank-225x300.jpg 225w, https:\/\/www.yannoe.ch\/wp-content\/uploads\/2021\/01\/Kuehlschrank-768x1024.jpg 768w\" sizes=\"auto, (max-width: 768px) 100vw, 768px\" \/><\/div><div class=\"w-vwrapper usg_vwrapper_1 align_center valign_middle\"><h2 class=\"w-post-elm post_title usg_post_title_1 has_text_color entry-title color_link_inherit\">Commande de denr\u00e9es alimentaires, transport gratuit pour les r\u00e9servations directes!<\/h2><\/div>\t\t<\/div>\r\n\t\t\t<\/article>\r\n\t<article class=\"w-grid-item size_1x1 post-6389 us_portfolio type-us_portfolio status-publish has-post-thumbnail hentry us_portfolio_category-leistungen-fr\" data-id=\"6389\">\r\n\t\t<div class=\"w-grid-item-h\">\r\n\t\t\t\t\t\t\t<a href=\"https:\/\/www.yannoe.ch\/fr\/portfolio\/internet-free-high-speed-autre-confort\/\" class=\"w-grid-item-anchor\" aria-label=\"Internet Free High Speed &#038; autre confort\"><\/a>\r\n\t\t\t\t\t\t<div class=\"w-post-elm post_image usg_post_image_1 stretched\"><img loading=\"lazy\" decoding=\"async\" width=\"768\" height=\"916\" src=\"https:\/\/www.yannoe.ch\/wp-content\/uploads\/2018\/03\/WiFi-Free-1-768x916.jpg\" class=\"attachment-medium_large size-medium_large wp-post-image\" alt=\"\" srcset=\"https:\/\/www.yannoe.ch\/wp-content\/uploads\/2018\/03\/WiFi-Free-1-768x916.jpg 768w, https:\/\/www.yannoe.ch\/wp-content\/uploads\/2018\/03\/WiFi-Free-1-252x300.jpg 252w, https:\/\/www.yannoe.ch\/wp-content\/uploads\/2018\/03\/WiFi-Free-1-858x1024.jpg 858w, https:\/\/www.yannoe.ch\/wp-content\/uploads\/2018\/03\/WiFi-Free-1.jpg 1006w\" sizes=\"auto, (max-width: 768px) 100vw, 768px\" \/><\/div><div class=\"w-vwrapper usg_vwrapper_1 align_center valign_middle\"><h2 class=\"w-post-elm post_title usg_post_title_1 has_text_color entry-title color_link_inherit\">Internet Free High Speed &#038; autre confort<\/h2><\/div>\t\t<\/div>\r\n\t\t\t<\/article>\r\n\t<article class=\"w-grid-item size_1x1 post-6353 us_portfolio type-us_portfolio status-publish has-post-thumbnail hentry us_portfolio_category-leistungen-fr\" data-id=\"6353\">\r\n\t\t<div class=\"w-grid-item-h\">\r\n\t\t\t\t\t\t\t<a href=\"https:\/\/www.yannoe.ch\/fr\/portfolio\/pour-quelles-raisons-reserver-directement-sur-ce-site-web\/\" class=\"w-grid-item-anchor\" aria-label=\"Pour quelles raisons r\u00e9server directement sur ce site web\"><\/a>\r\n\t\t\t\t\t\t<div class=\"w-post-elm post_image usg_post_image_1 stretched\"><img loading=\"lazy\" decoding=\"async\" width=\"768\" height=\"1152\" src=\"https:\/\/www.yannoe.ch\/wp-content\/uploads\/2018\/03\/Angebote_Foto_Stall_Horu-768x1152.jpg\" class=\"attachment-medium_large size-medium_large wp-post-image\" alt=\"\" srcset=\"https:\/\/www.yannoe.ch\/wp-content\/uploads\/2018\/03\/Angebote_Foto_Stall_Horu-768x1152.jpg 768w, https:\/\/www.yannoe.ch\/wp-content\/uploads\/2018\/03\/Angebote_Foto_Stall_Horu-200x300.jpg 200w, https:\/\/www.yannoe.ch\/wp-content\/uploads\/2018\/03\/Angebote_Foto_Stall_Horu-683x1024.jpg 683w, https:\/\/www.yannoe.ch\/wp-content\/uploads\/2018\/03\/Angebote_Foto_Stall_Horu-e1522362609718.jpg 1400w\" sizes=\"auto, (max-width: 768px) 100vw, 768px\" \/><\/div><div class=\"w-vwrapper usg_vwrapper_1 align_center valign_middle\"><h2 class=\"w-post-elm post_title usg_post_title_1 has_text_color entry-title color_link_inherit\">Pour quelles raisons r\u00e9server directement sur ce site web<\/h2><\/div>\t\t<\/div>\r\n\t\t\t<\/article>\r\n\t<article class=\"w-grid-item size_1x1 post-6386 us_portfolio type-us_portfolio status-publish has-post-thumbnail hentry us_portfolio_category-leistungen-fr\" data-id=\"6386\">\r\n\t\t<div class=\"w-grid-item-h\">\r\n\t\t\t\t\t\t\t<a href=\"https:\/\/www.yannoe.ch\/fr\/portfolio\/transport-de-bagages-gratuit-lors-de-reservation-sur-ce-site-web\/\" class=\"w-grid-item-anchor\" aria-label=\"Transport de bagages, gratuit lors de r\u00e9servation sur ce site web!\"><\/a>\r\n\t\t\t\t\t\t<div class=\"w-post-elm post_image usg_post_image_1 stretched\"><img loading=\"lazy\" decoding=\"async\" width=\"768\" height=\"1024\" src=\"https:\/\/www.yannoe.ch\/wp-content\/uploads\/2018\/03\/IMG_3061-min-768x1024.jpg\" class=\"attachment-medium_large size-medium_large wp-post-image\" alt=\"\" srcset=\"https:\/\/www.yannoe.ch\/wp-content\/uploads\/2018\/03\/IMG_3061-min-768x1024.jpg 768w, https:\/\/www.yannoe.ch\/wp-content\/uploads\/2018\/03\/IMG_3061-min-225x300.jpg 225w, https:\/\/www.yannoe.ch\/wp-content\/uploads\/2018\/03\/IMG_3061-min-e1522428413583.jpg 972w\" sizes=\"auto, (max-width: 768px) 100vw, 768px\" \/><\/div><div class=\"w-vwrapper usg_vwrapper_1 align_center valign_middle\"><h2 class=\"w-post-elm post_title usg_post_title_1 has_text_color entry-title color_link_inherit\">Transport de bagages, gratuit lors de r\u00e9servation sur ce site web!<\/h2><\/div>\t\t<\/div>\r\n\t\t\t<\/article>\r\n\t<article class=\"w-grid-item size_1x1 post-6395 us_portfolio type-us_portfolio status-publish has-post-thumbnail hentry us_portfolio_category-leistungen-fr\" data-id=\"6395\">\r\n\t\t<div class=\"w-grid-item-h\">\r\n\t\t\t\t\t\t\t<a href=\"https:\/\/www.yannoe.ch\/fr\/portfolio\/accompagnement-personnalise-vente-de-billet-pour-telecabin\/\" class=\"w-grid-item-anchor\" aria-label=\"Accompagnement personnalis\u00e9 &#038; vente de billet pour t\u00e9l\u00e9cabin\"><\/a>\r\n\t\t\t\t\t\t<div class=\"w-post-elm post_image usg_post_image_1 stretched\"><img loading=\"lazy\" decoding=\"async\" width=\"300\" height=\"262\" src=\"https:\/\/www.yannoe.ch\/wp-content\/uploads\/2018\/03\/Wir-nehmen-uns-Zeit.jpg\" class=\"attachment-medium_large size-medium_large wp-post-image\" alt=\"\" \/><\/div><div class=\"w-vwrapper usg_vwrapper_1 align_center valign_middle\"><h2 class=\"w-post-elm post_title usg_post_title_1 has_text_color entry-title color_link_inherit\">Accompagnement personnalis\u00e9 &#038; vente de billet pour t\u00e9l\u00e9cabin<\/h2><\/div>\t\t<\/div>\r\n\t\t\t<\/article>\r\n\t<article class=\"w-grid-item size_1x1 post-6377 us_portfolio type-us_portfolio status-publish has-post-thumbnail hentry us_portfolio_category-leistungen-fr\" data-id=\"6377\">\r\n\t\t<div class=\"w-grid-item-h\">\r\n\t\t\t\t\t\t\t<a href=\"https:\/\/www.yannoe.ch\/fr\/portfolio\/bon-a-savoir-ce-qui-va-de-soi-chez-nous\/\" class=\"w-grid-item-anchor\" aria-label=\"Bon \u00e0 savoir, ce qui va de soi chez nous\"><\/a>\r\n\t\t\t\t\t\t<div class=\"w-post-elm post_image usg_post_image_1 stretched\"><img loading=\"lazy\" decoding=\"async\" width=\"553\" height=\"243\" src=\"https:\/\/www.yannoe.ch\/wp-content\/uploads\/2018\/03\/willkommen.jpg\" class=\"attachment-medium_large size-medium_large wp-post-image\" alt=\"herzlich willkommen\" srcset=\"https:\/\/www.yannoe.ch\/wp-content\/uploads\/2018\/03\/willkommen.jpg 553w, https:\/\/www.yannoe.ch\/wp-content\/uploads\/2018\/03\/willkommen-300x132.jpg 300w\" sizes=\"auto, (max-width: 553px) 100vw, 553px\" \/><\/div><div class=\"w-vwrapper usg_vwrapper_1 align_center valign_middle\"><h2 class=\"w-post-elm post_title usg_post_title_1 has_text_color entry-title color_link_inherit\">Bon \u00e0 savoir, ce qui va de soi chez nous<\/h2><\/div>\t\t<\/div>\r\n\t\t\t<\/article>\r\n\t<article class=\"w-grid-item size_1x1 post-6398 us_portfolio type-us_portfolio status-publish has-post-thumbnail hentry us_portfolio_category-leistungen-fr\" data-id=\"6398\">\r\n\t\t<div class=\"w-grid-item-h\">\r\n\t\t\t\t\t\t\t<a href=\"https:\/\/www.yannoe.ch\/fr\/portfolio\/emplacement-ideal-ski-in-ski-out\/\" class=\"w-grid-item-anchor\" aria-label=\"Emplacement id\u00e9al, ski in \u2013 ski out\"><\/a>\r\n\t\t\t\t\t\t<div class=\"w-post-elm post_image usg_post_image_1 stretched\"><img loading=\"lazy\" decoding=\"async\" width=\"768\" height=\"512\" src=\"https:\/\/www.yannoe.ch\/wp-content\/uploads\/2018\/03\/10-IMG_1443-768x512.jpg\" class=\"attachment-medium_large size-medium_large wp-post-image\" alt=\"\" srcset=\"https:\/\/www.yannoe.ch\/wp-content\/uploads\/2018\/03\/10-IMG_1443-768x512.jpg 768w, https:\/\/www.yannoe.ch\/wp-content\/uploads\/2018\/03\/10-IMG_1443-300x200.jpg 300w, https:\/\/www.yannoe.ch\/wp-content\/uploads\/2018\/03\/10-IMG_1443-1024x683.jpg 1024w, https:\/\/www.yannoe.ch\/wp-content\/uploads\/2018\/03\/10-IMG_1443.jpg 1600w\" sizes=\"auto, (max-width: 768px) 100vw, 768px\" \/><\/div><div class=\"w-vwrapper usg_vwrapper_1 align_center valign_middle\"><h2 class=\"w-post-elm post_title usg_post_title_1 has_text_color entry-title color_link_inherit\">Emplacement id\u00e9al, ski in \u2013 ski out<\/h2><\/div>\t\t<\/div>\r\n\t\t\t<\/article>\r\n\t<article class=\"w-grid-item size_1x1 post-6392 us_portfolio type-us_portfolio status-publish has-post-thumbnail hentry us_portfolio_category-leistungen-fr\" data-id=\"6392\">\r\n\t\t<div class=\"w-grid-item-h\">\r\n\t\t\t\t\t\t\t<a href=\"https:\/\/www.yannoe.ch\/fr\/portfolio\/questions-souhaits-qui-sommes-nous\/\" class=\"w-grid-item-anchor\" aria-label=\"Questions ? Souhaits ? Qui sommes-nous?\"><\/a>\r\n\t\t\t\t\t\t<div class=\"w-post-elm post_image usg_post_image_1 stretched\"><img loading=\"lazy\" decoding=\"async\" width=\"768\" height=\"432\" src=\"https:\/\/www.yannoe.ch\/wp-content\/uploads\/2018\/03\/Matterhorn_Herbst-768x432.jpg\" class=\"attachment-medium_large size-medium_large wp-post-image\" alt=\"\" srcset=\"https:\/\/www.yannoe.ch\/wp-content\/uploads\/2018\/03\/Matterhorn_Herbst-768x432.jpg 768w, https:\/\/www.yannoe.ch\/wp-content\/uploads\/2018\/03\/Matterhorn_Herbst-300x169.jpg 300w, https:\/\/www.yannoe.ch\/wp-content\/uploads\/2018\/03\/Matterhorn_Herbst-1024x576.jpg 1024w, https:\/\/www.yannoe.ch\/wp-content\/uploads\/2018\/03\/Matterhorn_Herbst-e1522362458349.jpg 1400w\" sizes=\"auto, (max-width: 768px) 100vw, 768px\" \/><\/div><div class=\"w-vwrapper usg_vwrapper_1 align_center valign_middle\"><h2 class=\"w-post-elm post_title usg_post_title_1 has_text_color entry-title color_link_inherit\">Questions ? Souhaits ? Qui sommes-nous?<\/h2><\/div>\t\t<\/div>\r\n\t\t\t<\/article>\r\n<\/div>\t<div class=\"w-grid-preloader\">\r\n\t\t<div class=\"g-preloader type_1\">\r\n\t\t\t<div><\/div>\r\n\t\t<\/div>\r\n\t<\/div>\r\n\t\t<div class=\"w-grid-json hidden\" onclick='return {&quot;action&quot;:&quot;us_ajax_grid&quot;,&quot;infinite_scroll&quot;:0,&quot;max_num_pages&quot;:1,&quot;pagination&quot;:&quot;none&quot;,&quot;template_vars&quot;:{&quot;columns&quot;:&quot;3&quot;,&quot;exclude_items&quot;:&quot;none&quot;,&quot;img_size&quot;:&quot;default&quot;,&quot;ignore_items_size&quot;:0,&quot;items_layout&quot;:&quot;1480&quot;,&quot;items_offset&quot;:&quot;1&quot;,&quot;load_animation&quot;:&quot;none&quot;,&quot;overriding_link&quot;:&quot;%7B%22type%22%3A%22post%22%7D&quot;,&quot;post_id&quot;:0,&quot;query_args&quot;:{&quot;post_type&quot;:[&quot;us_portfolio&quot;],&quot;tax_query&quot;:[{&quot;taxonomy&quot;:&quot;us_portfolio_category&quot;,&quot;field&quot;:&quot;slug&quot;,&quot;terms&quot;:[&quot;leistungen&quot;]}],&quot;post_status&quot;:[&quot;publish&quot;,&quot;acf-disabled&quot;],&quot;posts_per_page&quot;:999},&quot;orderby_query_args&quot;:{&quot;orderby&quot;:&quot;RAND(1124712857)&quot;},&quot;type&quot;:&quot;grid&quot;,&quot;us_grid_post_type&quot;:&quot;us_portfolio&quot;,&quot;us_grid_ajax_index&quot;:1,&quot;us_grid_filter_query_string&quot;:null,&quot;us_grid_index&quot;:1,&quot;page_args&quot;:[],&quot;lang&quot;:&quot;fr&quot;}}'><\/div>\r\n\t<\/div><\/div><\/div><\/div><\/div><\/div><\/section>\n","protected":false},"excerpt":{"rendered":"<p>Nous vous proposons une large gamme de services pour que vos vacances dans l&#8217;un de nos chalets soient merveilleuses et reposantes. Transport de bagages, assistance personnelle et Internet gratuit ne sont que quelques-uns des services que nous offrons.<\/p>\n","protected":false},"author":2,"featured_media":0,"parent":0,"menu_order":0,"comment_status":"closed","ping_status":"closed","template":"","meta":{"_acf_changed":false,"footnotes":""},"class_list":["post-6313","page","type-page","status-publish","hentry"],"acf":[],"yoast_head":"<title>Services de la R\u00e9sidence YanNoe - Profite de tes vacances<\/title>\n<meta name=\"description\" content=\"Nous vous proposons une large gamme de services pour que vos vacances dans l&#039;un de nos chalets soient merveilleuses et reposantes. Transport de bagages, assistance personnelle et Internet gratuit ne sont que quelques-uns des services que nous offrons.\" \/>\n<meta name=\"robots\" content=\"index, follow, max-snippet:-1, max-image-preview:large, max-video-preview:-1\" \/>\n<link rel=\"canonical\" href=\"https:\/\/www.yannoe.ch\/fr\/services\/\" \/>\n<meta property=\"og:locale\" content=\"fr_FR\" \/>\n<meta property=\"og:type\" content=\"article\" \/>\n<meta property=\"og:title\" content=\"Services de la R\u00e9sidence YanNoe - Profite de tes vacances\" \/>\n<meta property=\"og:description\" content=\"Nous vous proposons une large gamme de services pour que vos vacances dans l&#039;un de nos chalets soient merveilleuses et reposantes. Transport de bagages, assistance personnelle et Internet gratuit ne sont que quelques-uns des services que nous offrons.\" \/>\n<meta property=\"og:url\" content=\"https:\/\/www.yannoe.ch\/fr\/services\/\" \/>\n<meta property=\"og:site_name\" content=\"Residence Yannoe\" \/>\n<meta property=\"article:publisher\" content=\"https:\/\/www.facebook.com\/residence.yannoe\/\" \/>\n<meta property=\"article:modified_time\" content=\"2024-07-18T08:56:19+00:00\" \/>\n<meta name=\"twitter:card\" content=\"summary_large_image\" \/>\n<meta name=\"twitter:label1\" content=\"Est. reading time\" \/>\n\t<meta name=\"twitter:data1\" content=\"1 minute\" \/>\n<script type=\"application\/ld+json\" class=\"yoast-schema-graph\">{\"@context\":\"https:\\\/\\\/schema.org\",\"@graph\":[{\"@type\":\"WebPage\",\"@id\":\"https:\\\/\\\/www.yannoe.ch\\\/fr\\\/services\\\/\",\"url\":\"https:\\\/\\\/www.yannoe.ch\\\/fr\\\/services\\\/\",\"name\":\"Services de la R\u00e9sidence YanNoe - Profite de tes vacances\",\"isPartOf\":{\"@id\":\"https:\\\/\\\/www.yannoe.ch\\\/#website\"},\"datePublished\":\"2024-06-30T18:17:08+00:00\",\"dateModified\":\"2024-07-18T08:56:19+00:00\",\"description\":\"Nous vous proposons une large gamme de services pour que vos vacances dans l'un de nos chalets soient merveilleuses et reposantes. Transport de bagages, assistance personnelle et Internet gratuit ne sont que quelques-uns des services que nous offrons.\",\"breadcrumb\":{\"@id\":\"https:\\\/\\\/www.yannoe.ch\\\/fr\\\/services\\\/#breadcrumb\"},\"inLanguage\":\"fr-FR\",\"potentialAction\":[{\"@type\":\"ReadAction\",\"target\":[\"https:\\\/\\\/www.yannoe.ch\\\/fr\\\/services\\\/\"]}]},{\"@type\":\"BreadcrumbList\",\"@id\":\"https:\\\/\\\/www.yannoe.ch\\\/fr\\\/services\\\/#breadcrumb\",\"itemListElement\":[{\"@type\":\"ListItem\",\"position\":1,\"name\":\"Startseite\",\"item\":\"https:\\\/\\\/www.yannoe.ch\\\/fr\\\/\"},{\"@type\":\"ListItem\",\"position\":2,\"name\":\"Services\"}]},{\"@type\":\"WebSite\",\"@id\":\"https:\\\/\\\/www.yannoe.ch\\\/#website\",\"url\":\"https:\\\/\\\/www.yannoe.ch\\\/\",\"name\":\"Residence Yannoe\",\"description\":\"Ferienwohnung mieten\",\"publisher\":{\"@id\":\"https:\\\/\\\/www.yannoe.ch\\\/#organization\"},\"potentialAction\":[{\"@type\":\"SearchAction\",\"target\":{\"@type\":\"EntryPoint\",\"urlTemplate\":\"https:\\\/\\\/www.yannoe.ch\\\/?s={search_term_string}\"},\"query-input\":{\"@type\":\"PropertyValueSpecification\",\"valueRequired\":true,\"valueName\":\"search_term_string\"}}],\"inLanguage\":\"fr-FR\"},{\"@type\":\"Organization\",\"@id\":\"https:\\\/\\\/www.yannoe.ch\\\/#organization\",\"name\":\"Residence YanNoe\",\"url\":\"https:\\\/\\\/www.yannoe.ch\\\/\",\"logo\":{\"@type\":\"ImageObject\",\"inLanguage\":\"fr-FR\",\"@id\":\"https:\\\/\\\/www.yannoe.ch\\\/#\\\/schema\\\/logo\\\/image\\\/\",\"url\":\"https:\\\/\\\/www.yannoe.ch\\\/wp-content\\\/uploads\\\/2018\\\/04\\\/logo-residence-yannoe-1.png\",\"contentUrl\":\"https:\\\/\\\/www.yannoe.ch\\\/wp-content\\\/uploads\\\/2018\\\/04\\\/logo-residence-yannoe-1.png\",\"width\":133,\"height\":90,\"caption\":\"Residence YanNoe\"},\"image\":{\"@id\":\"https:\\\/\\\/www.yannoe.ch\\\/#\\\/schema\\\/logo\\\/image\\\/\"},\"sameAs\":[\"https:\\\/\\\/www.facebook.com\\\/residence.yannoe\\\/\"]}]}<\/script>","yoast_head_json":{"title":"Services de la R\u00e9sidence YanNoe - Profite de tes vacances","description":"Nous vous proposons une large gamme de services pour que vos vacances dans l'un de nos chalets soient merveilleuses et reposantes. Transport de bagages, assistance personnelle et Internet gratuit ne sont que quelques-uns des services que nous offrons.","robots":{"index":"index","follow":"follow","max-snippet":"max-snippet:-1","max-image-preview":"max-image-preview:large","max-video-preview":"max-video-preview:-1"},"canonical":"https:\/\/www.yannoe.ch\/fr\/services\/","og_locale":"fr_FR","og_type":"article","og_title":"Services de la R\u00e9sidence YanNoe - Profite de tes vacances","og_description":"Nous vous proposons une large gamme de services pour que vos vacances dans l'un de nos chalets soient merveilleuses et reposantes. Transport de bagages, assistance personnelle et Internet gratuit ne sont que quelques-uns des services que nous offrons.","og_url":"https:\/\/www.yannoe.ch\/fr\/services\/","og_site_name":"Residence Yannoe","article_publisher":"https:\/\/www.facebook.com\/residence.yannoe\/","article_modified_time":"2024-07-18T08:56:19+00:00","twitter_card":"summary_large_image","twitter_misc":{"Est. reading time":"1 minute"},"schema":{"@context":"https:\/\/schema.org","@graph":[{"@type":"WebPage","@id":"https:\/\/www.yannoe.ch\/fr\/services\/","url":"https:\/\/www.yannoe.ch\/fr\/services\/","name":"Services de la R\u00e9sidence YanNoe - Profite de tes vacances","isPartOf":{"@id":"https:\/\/www.yannoe.ch\/#website"},"datePublished":"2024-06-30T18:17:08+00:00","dateModified":"2024-07-18T08:56:19+00:00","description":"Nous vous proposons une large gamme de services pour que vos vacances dans l'un de nos chalets soient merveilleuses et reposantes. Transport de bagages, assistance personnelle et Internet gratuit ne sont que quelques-uns des services que nous offrons.","breadcrumb":{"@id":"https:\/\/www.yannoe.ch\/fr\/services\/#breadcrumb"},"inLanguage":"fr-FR","potentialAction":[{"@type":"ReadAction","target":["https:\/\/www.yannoe.ch\/fr\/services\/"]}]},{"@type":"BreadcrumbList","@id":"https:\/\/www.yannoe.ch\/fr\/services\/#breadcrumb","itemListElement":[{"@type":"ListItem","position":1,"name":"Startseite","item":"https:\/\/www.yannoe.ch\/fr\/"},{"@type":"ListItem","position":2,"name":"Services"}]},{"@type":"WebSite","@id":"https:\/\/www.yannoe.ch\/#website","url":"https:\/\/www.yannoe.ch\/","name":"Residence Yannoe","description":"Ferienwohnung mieten","publisher":{"@id":"https:\/\/www.yannoe.ch\/#organization"},"potentialAction":[{"@type":"SearchAction","target":{"@type":"EntryPoint","urlTemplate":"https:\/\/www.yannoe.ch\/?s={search_term_string}"},"query-input":{"@type":"PropertyValueSpecification","valueRequired":true,"valueName":"search_term_string"}}],"inLanguage":"fr-FR"},{"@type":"Organization","@id":"https:\/\/www.yannoe.ch\/#organization","name":"Residence YanNoe","url":"https:\/\/www.yannoe.ch\/","logo":{"@type":"ImageObject","inLanguage":"fr-FR","@id":"https:\/\/www.yannoe.ch\/#\/schema\/logo\/image\/","url":"https:\/\/www.yannoe.ch\/wp-content\/uploads\/2018\/04\/logo-residence-yannoe-1.png","contentUrl":"https:\/\/www.yannoe.ch\/wp-content\/uploads\/2018\/04\/logo-residence-yannoe-1.png","width":133,"height":90,"caption":"Residence YanNoe"},"image":{"@id":"https:\/\/www.yannoe.ch\/#\/schema\/logo\/image\/"},"sameAs":["https:\/\/www.facebook.com\/residence.yannoe\/"]}]}},"_links":{"self":[{"href":"https:\/\/www.yannoe.ch\/fr\/wp-json\/wp\/v2\/pages\/6313","targetHints":{"allow":["GET"]}}],"collection":[{"href":"https:\/\/www.yannoe.ch\/fr\/wp-json\/wp\/v2\/pages"}],"about":[{"href":"https:\/\/www.yannoe.ch\/fr\/wp-json\/wp\/v2\/types\/page"}],"author":[{"embeddable":true,"href":"https:\/\/www.yannoe.ch\/fr\/wp-json\/wp\/v2\/users\/2"}],"replies":[{"embeddable":true,"href":"https:\/\/www.yannoe.ch\/fr\/wp-json\/wp\/v2\/comments?post=6313"}],"version-history":[{"count":5,"href":"https:\/\/www.yannoe.ch\/fr\/wp-json\/wp\/v2\/pages\/6313\/revisions"}],"predecessor-version":[{"id":6813,"href":"https:\/\/www.yannoe.ch\/fr\/wp-json\/wp\/v2\/pages\/6313\/revisions\/6813"}],"wp:attachment":[{"href":"https:\/\/www.yannoe.ch\/fr\/wp-json\/wp\/v2\/media?parent=6313"}],"curies":[{"name":"wp","href":"https:\/\/api.w.org\/{rel}","templated":true}]}}