{"id":6410,"date":"2024-07-15T11:19:07","date_gmt":"2024-07-15T09:19:07","guid":{"rendered":"https:\/\/www.yannoe.ch\/zermatt\/"},"modified":"2024-07-18T10:56:39","modified_gmt":"2024-07-18T08:56:39","slug":"zermatt","status":"publish","type":"page","link":"https:\/\/www.yannoe.ch\/fr\/zermatt\/","title":{"rendered":"Zermatt"},"content":{"rendered":"<section class=\"l-section wpb_row height_medium\"><div class=\"l-section-h i-cf\"><div class=\"g-cols vc_row via_flex valign_top type_default stacking_default\"><div class=\"vc_col-sm-12 wpb_column vc_column_container\"><div class=\"vc_column-inner\"><div class=\"wpb_wrapper\"><div class=\"g-cols wpb_row via_flex valign_top type_default stacking_default\" id=\"link-box\"><div class=\"vc_col-sm-6 wpb_column vc_column_container\"><div class=\"vc_column-inner\"><div class=\"wpb_wrapper\"><div class=\"wpb_text_column\"><div class=\"wpb_wrapper\"><ul>\n<li style=\"text-align: center;\"><a href=\"https:\/\/light.zermatt.ch\/Tagestipps\/(print)\/1\/(hotel)\/yannoe\" target=\"_blank\" rel=\"noopener noreferrer\"><strong>\u00adConseils du jour<\/strong><\/a><\/li>\n<li style=\"text-align: center;\"><a href=\"https:\/\/www.matterhornparadise.ch\/en\/Current-news\/Live-up-to-date\/Webcams\" target=\"_blank\" rel=\"noopener noreferrer\">Webcams Zermatt<\/a><\/li>\n<li style=\"text-align: center;\"><a href=\"http:\/\/light.zermatt.ch\/winter\" target=\"_blank\" rel=\"noopener noreferrer\"><strong>\u00adZermatt en hiver<\/strong><\/a><\/li>\n<li style=\"text-align: center;\"><a href=\"https:\/\/light.zermatt.ch\/fruehling\" target=\"_blank\" rel=\"noopener noreferrer\">Zermatt au printemps<\/a><\/li>\n<li style=\"text-align: center;\"><a href=\"http:\/\/light.zermatt.ch\/Sommer\" target=\"_blank\" rel=\"noopener noreferrer\">Zermatt en \u00e9t\u00e9<\/a><\/li>\n<li style=\"text-align: center;\"><a href=\"https:\/\/light.zermatt.ch\/herbst\" target=\"_blank\" rel=\"noopener noreferrer\">Zermatt en automne<\/a><\/li>\n<\/ul>\n<\/div><\/div><\/div><\/div><\/div><div class=\"vc_col-sm-6 wpb_column vc_column_container\"><div class=\"vc_column-inner\"><div class=\"wpb_wrapper\"><div class=\"wpb_text_column\"><div class=\"wpb_wrapper\"><ul>\n<li style=\"text-align: center;\"><a href=\"https:\/\/light.zermatt.ch\/zermatt\/event\/?reset=1\" target=\"_blank\" rel=\"noopener noreferrer\">\u00ad Calendrier des \u00e9v\u00e8nements<\/a><\/li>\n<li style=\"text-align: center;\"><a href=\"https:\/\/www.matterhornparadise.ch\/de\/Aktuell\/Bergbahnen\/Anlagen-und-Pisten\" target=\"_blank\" rel=\"noopener noreferrer\">\u00ad T\u00e9l\u00e9cabines ouvertes \u00e0 Zermatt<\/a><\/li>\n<li style=\"text-align: center;\"><a href=\"http:\/\/www.zermatt.ch\" target=\"_blank\" rel=\"noopener noreferrer\">\u00adTourisme Zermatt<\/a><\/li>\n<li style=\"text-align: center;\"><a href=\"http:\/\/www.zermattapartment.org\/\" target=\"_blank\" rel=\"noopener noreferrer\">\u00adAssociation des appartements de Zermatt<\/a><\/li>\n<li style=\"text-align: center;\"><a href=\"https:\/\/www.air-zermatt.ch\/wordpress\/home\/\" target=\"_blank\" rel=\"noopener noreferrer\">Air Zermatt<\/a><\/li>\n<li style=\"text-align: center;\"><a href=\"http:\/\/www.fibervalais.ch\/\" target=\"_blank\" rel=\"noopener noreferrer\">Fibervalais AG<\/a><\/li>\n<\/ul>\n<\/div><\/div><\/div><\/div><\/div><\/div><div class=\"wpb_text_column\"><div class=\"wpb_wrapper\"><\/div><\/div><div class=\"wpb_text_column bigger-text-18\"><div class=\"wpb_wrapper\"><p style=\"text-align: left;\"><strong>Le blog photo d&#8217;ifolor<\/strong>: Spots Instagram \u00e0 Zermatt pr\u00e8s du Cervin ! <strong>Nos chalets de vacances avec espace bien-\u00eatre priv\u00e9 au milieu des montagnes de Zermatt sont en t\u00eate de liste<\/strong> \ud83d\ude42 Regarde l&#8217;article complet: ifolor Fotoblog: <a href=\"https:\/\/www.ifolor.ch\/fr\/inspirations\/les-plus-beaux-endroits-instagram-de-suisse\" target=\"_blank\" rel=\"noopener\">les plus beaux spots Instagram<\/a><\/p>\n<\/div><\/div><div class=\"wpb_text_column\"><div class=\"wpb_wrapper\"><h1 style=\"text-align: center;\">Chaque saison a son charme &#8230;<\/h1>\n<\/div><\/div><div class=\"wpb_text_column bigger-text-18\"><div class=\"wpb_wrapper\"><p style=\"text-align: center;\">Le village de <strong>Zermatt<\/strong>, sans \u00e9mission (1 620 m d&#8217;altitude\/5\u2019315 feet), au bout de la vall\u00e9e de Zermatt (Mattertal), accessible de mani\u00e8re particuli\u00e8re.<br \/>\nLe romantisme des montagnes aux multiples facettes est un spectacle \u00e0 contempler 365 jours par an.<br \/>\nTout est situ\u00e9 sur un tout petit espace, tout est accessible \u00e0 pied.<br \/>\nInoubliable la vue sur le <strong>Cervin<\/strong> &#8211; mystique, majestueuse, la montagne des montagnes.<br \/>\nUne fascination \u00e0 laquelle personne ne peut r\u00e9sister.<\/p>\n<\/div><\/div><div class=\"w-video us_custom_59ee1976 align_center ratio_16x9 has_iframe\"><div class=\"w-video-h\"><iframe title=\"Youtube video player\" src=\"\/\/www.youtube.com\/embed\/FVhX3pR4YlA?autoplay=0&controls=1&origin=https:\/\/www.yannoe.ch\/fr\/&loop=0&mute=0\" allowfullscreen=\"1\" loading=\"lazy\"><\/iframe><\/div><\/div><div class=\"w-separator us_custom_98325dd9 has_text_color size_medium with_line width_30 thick_1 style_solid color_border align_center\"><div class=\"w-separator-h\"><\/div><\/div><\/div><\/div><\/div><\/div><\/div><\/section><section class=\"l-section wpb_row height_auto\"><div class=\"l-section-h i-cf\"><div class=\"g-cols vc_row via_flex valign_top type_default stacking_default\"><div class=\"vc_col-sm-12 wpb_column vc_column_container\"><div class=\"vc_column-inner\"><div class=\"wpb_wrapper\">[rev_slider_vc alias=&#8221;Links&#8221;]<\/div><\/div><\/div><\/div><\/div><\/section>\n","protected":false},"excerpt":{"rendered":"<p>Vivez une romance montagnarde unique \u00e0 Zermatt sans \u00e9missions. Inoubliable, la vue sur le Cervin &#8211; mystique, majestueuse la montagne des montagnes. Liens int\u00e9ressants sur Zermatt.<\/p>\n","protected":false},"author":1,"featured_media":4438,"parent":0,"menu_order":0,"comment_status":"closed","ping_status":"closed","template":"","meta":{"_acf_changed":false,"footnotes":""},"class_list":["post-6410","page","type-page","status-publish","has-post-thumbnail","hentry"],"acf":[],"yoast_head":"<title>Zermatt - Residence Yannoe<\/title>\n<meta name=\"description\" content=\"Vivez une romance montagnarde unique \u00e0 Zermatt sans \u00e9missions. Inoubliable, la vue sur le Cervin - mystique, majestueuse la montagne des montagnes. Liens int\u00e9ressants sur Zermatt.\" \/>\n<meta name=\"robots\" content=\"index, follow, max-snippet:-1, max-image-preview:large, max-video-preview:-1\" \/>\n<link rel=\"canonical\" href=\"https:\/\/www.yannoe.ch\/fr\/zermatt\/\" \/>\n<meta property=\"og:locale\" content=\"fr_FR\" \/>\n<meta property=\"og:type\" content=\"article\" \/>\n<meta property=\"og:title\" content=\"Zermatt - Residence Yannoe\" \/>\n<meta property=\"og:description\" content=\"Vivez une romance montagnarde unique \u00e0 Zermatt sans \u00e9missions. Inoubliable, la vue sur le Cervin - mystique, majestueuse la montagne des montagnes. Liens int\u00e9ressants sur Zermatt.\" \/>\n<meta property=\"og:url\" content=\"https:\/\/www.yannoe.ch\/fr\/zermatt\/\" \/>\n<meta property=\"og:site_name\" content=\"Residence Yannoe\" \/>\n<meta property=\"article:publisher\" content=\"https:\/\/www.facebook.com\/residence.yannoe\/\" \/>\n<meta property=\"article:modified_time\" content=\"2024-07-18T08:56:39+00:00\" \/>\n<meta property=\"og:image\" content=\"https:\/\/www.yannoe.ch\/wp-content\/uploads\/2018\/02\/1-IMG_2087-min-e1522362367485.jpg\" \/>\n\t<meta property=\"og:image:width\" content=\"1400\" \/>\n\t<meta property=\"og:image:height\" content=\"933\" \/>\n\t<meta property=\"og:image:type\" content=\"image\/jpeg\" \/>\n<meta name=\"twitter:card\" content=\"summary_large_image\" \/>\n<meta name=\"twitter:label1\" content=\"Est. reading time\" \/>\n\t<meta name=\"twitter:data1\" content=\"2 minutes\" \/>\n<script type=\"application\/ld+json\" class=\"yoast-schema-graph\">{\"@context\":\"https:\\\/\\\/schema.org\",\"@graph\":[{\"@type\":\"WebPage\",\"@id\":\"https:\\\/\\\/www.yannoe.ch\\\/fr\\\/zermatt\\\/\",\"url\":\"https:\\\/\\\/www.yannoe.ch\\\/fr\\\/zermatt\\\/\",\"name\":\"Zermatt - Residence Yannoe\",\"isPartOf\":{\"@id\":\"https:\\\/\\\/www.yannoe.ch\\\/#website\"},\"primaryImageOfPage\":{\"@id\":\"https:\\\/\\\/www.yannoe.ch\\\/fr\\\/zermatt\\\/#primaryimage\"},\"image\":{\"@id\":\"https:\\\/\\\/www.yannoe.ch\\\/fr\\\/zermatt\\\/#primaryimage\"},\"thumbnailUrl\":\"https:\\\/\\\/www.yannoe.ch\\\/wp-content\\\/uploads\\\/2018\\\/02\\\/1-IMG_2087-min-e1522362367485.jpg\",\"datePublished\":\"2024-07-15T09:19:07+00:00\",\"dateModified\":\"2024-07-18T08:56:39+00:00\",\"description\":\"Vivez une romance montagnarde unique \u00e0 Zermatt sans \u00e9missions. Inoubliable, la vue sur le Cervin - mystique, majestueuse la montagne des montagnes. Liens int\u00e9ressants sur Zermatt.\",\"breadcrumb\":{\"@id\":\"https:\\\/\\\/www.yannoe.ch\\\/fr\\\/zermatt\\\/#breadcrumb\"},\"inLanguage\":\"fr-FR\",\"potentialAction\":[{\"@type\":\"ReadAction\",\"target\":[\"https:\\\/\\\/www.yannoe.ch\\\/fr\\\/zermatt\\\/\"]}]},{\"@type\":\"ImageObject\",\"inLanguage\":\"fr-FR\",\"@id\":\"https:\\\/\\\/www.yannoe.ch\\\/fr\\\/zermatt\\\/#primaryimage\",\"url\":\"https:\\\/\\\/www.yannoe.ch\\\/wp-content\\\/uploads\\\/2018\\\/02\\\/1-IMG_2087-min-e1522362367485.jpg\",\"contentUrl\":\"https:\\\/\\\/www.yannoe.ch\\\/wp-content\\\/uploads\\\/2018\\\/02\\\/1-IMG_2087-min-e1522362367485.jpg\",\"width\":1400,\"height\":933},{\"@type\":\"BreadcrumbList\",\"@id\":\"https:\\\/\\\/www.yannoe.ch\\\/fr\\\/zermatt\\\/#breadcrumb\",\"itemListElement\":[{\"@type\":\"ListItem\",\"position\":1,\"name\":\"Startseite\",\"item\":\"https:\\\/\\\/www.yannoe.ch\\\/fr\\\/\"},{\"@type\":\"ListItem\",\"position\":2,\"name\":\"Zermatt\"}]},{\"@type\":\"WebSite\",\"@id\":\"https:\\\/\\\/www.yannoe.ch\\\/#website\",\"url\":\"https:\\\/\\\/www.yannoe.ch\\\/\",\"name\":\"Residence Yannoe\",\"description\":\"Ferienwohnung mieten\",\"publisher\":{\"@id\":\"https:\\\/\\\/www.yannoe.ch\\\/#organization\"},\"potentialAction\":[{\"@type\":\"SearchAction\",\"target\":{\"@type\":\"EntryPoint\",\"urlTemplate\":\"https:\\\/\\\/www.yannoe.ch\\\/?s={search_term_string}\"},\"query-input\":{\"@type\":\"PropertyValueSpecification\",\"valueRequired\":true,\"valueName\":\"search_term_string\"}}],\"inLanguage\":\"fr-FR\"},{\"@type\":\"Organization\",\"@id\":\"https:\\\/\\\/www.yannoe.ch\\\/#organization\",\"name\":\"Residence YanNoe\",\"url\":\"https:\\\/\\\/www.yannoe.ch\\\/\",\"logo\":{\"@type\":\"ImageObject\",\"inLanguage\":\"fr-FR\",\"@id\":\"https:\\\/\\\/www.yannoe.ch\\\/#\\\/schema\\\/logo\\\/image\\\/\",\"url\":\"https:\\\/\\\/www.yannoe.ch\\\/wp-content\\\/uploads\\\/2018\\\/04\\\/logo-residence-yannoe-1.png\",\"contentUrl\":\"https:\\\/\\\/www.yannoe.ch\\\/wp-content\\\/uploads\\\/2018\\\/04\\\/logo-residence-yannoe-1.png\",\"width\":133,\"height\":90,\"caption\":\"Residence YanNoe\"},\"image\":{\"@id\":\"https:\\\/\\\/www.yannoe.ch\\\/#\\\/schema\\\/logo\\\/image\\\/\"},\"sameAs\":[\"https:\\\/\\\/www.facebook.com\\\/residence.yannoe\\\/\"]}]}<\/script>","yoast_head_json":{"title":"Zermatt - Residence Yannoe","description":"Vivez une romance montagnarde unique \u00e0 Zermatt sans \u00e9missions. Inoubliable, la vue sur le Cervin - mystique, majestueuse la montagne des montagnes. Liens int\u00e9ressants sur Zermatt.","robots":{"index":"index","follow":"follow","max-snippet":"max-snippet:-1","max-image-preview":"max-image-preview:large","max-video-preview":"max-video-preview:-1"},"canonical":"https:\/\/www.yannoe.ch\/fr\/zermatt\/","og_locale":"fr_FR","og_type":"article","og_title":"Zermatt - Residence Yannoe","og_description":"Vivez une romance montagnarde unique \u00e0 Zermatt sans \u00e9missions. Inoubliable, la vue sur le Cervin - mystique, majestueuse la montagne des montagnes. Liens int\u00e9ressants sur Zermatt.","og_url":"https:\/\/www.yannoe.ch\/fr\/zermatt\/","og_site_name":"Residence Yannoe","article_publisher":"https:\/\/www.facebook.com\/residence.yannoe\/","article_modified_time":"2024-07-18T08:56:39+00:00","og_image":[{"width":1400,"height":933,"url":"https:\/\/www.yannoe.ch\/wp-content\/uploads\/2018\/02\/1-IMG_2087-min-e1522362367485.jpg","type":"image\/jpeg"}],"twitter_card":"summary_large_image","twitter_misc":{"Est. reading time":"2 minutes"},"schema":{"@context":"https:\/\/schema.org","@graph":[{"@type":"WebPage","@id":"https:\/\/www.yannoe.ch\/fr\/zermatt\/","url":"https:\/\/www.yannoe.ch\/fr\/zermatt\/","name":"Zermatt - Residence Yannoe","isPartOf":{"@id":"https:\/\/www.yannoe.ch\/#website"},"primaryImageOfPage":{"@id":"https:\/\/www.yannoe.ch\/fr\/zermatt\/#primaryimage"},"image":{"@id":"https:\/\/www.yannoe.ch\/fr\/zermatt\/#primaryimage"},"thumbnailUrl":"https:\/\/www.yannoe.ch\/wp-content\/uploads\/2018\/02\/1-IMG_2087-min-e1522362367485.jpg","datePublished":"2024-07-15T09:19:07+00:00","dateModified":"2024-07-18T08:56:39+00:00","description":"Vivez une romance montagnarde unique \u00e0 Zermatt sans \u00e9missions. Inoubliable, la vue sur le Cervin - mystique, majestueuse la montagne des montagnes. Liens int\u00e9ressants sur Zermatt.","breadcrumb":{"@id":"https:\/\/www.yannoe.ch\/fr\/zermatt\/#breadcrumb"},"inLanguage":"fr-FR","potentialAction":[{"@type":"ReadAction","target":["https:\/\/www.yannoe.ch\/fr\/zermatt\/"]}]},{"@type":"ImageObject","inLanguage":"fr-FR","@id":"https:\/\/www.yannoe.ch\/fr\/zermatt\/#primaryimage","url":"https:\/\/www.yannoe.ch\/wp-content\/uploads\/2018\/02\/1-IMG_2087-min-e1522362367485.jpg","contentUrl":"https:\/\/www.yannoe.ch\/wp-content\/uploads\/2018\/02\/1-IMG_2087-min-e1522362367485.jpg","width":1400,"height":933},{"@type":"BreadcrumbList","@id":"https:\/\/www.yannoe.ch\/fr\/zermatt\/#breadcrumb","itemListElement":[{"@type":"ListItem","position":1,"name":"Startseite","item":"https:\/\/www.yannoe.ch\/fr\/"},{"@type":"ListItem","position":2,"name":"Zermatt"}]},{"@type":"WebSite","@id":"https:\/\/www.yannoe.ch\/#website","url":"https:\/\/www.yannoe.ch\/","name":"Residence Yannoe","description":"Ferienwohnung mieten","publisher":{"@id":"https:\/\/www.yannoe.ch\/#organization"},"potentialAction":[{"@type":"SearchAction","target":{"@type":"EntryPoint","urlTemplate":"https:\/\/www.yannoe.ch\/?s={search_term_string}"},"query-input":{"@type":"PropertyValueSpecification","valueRequired":true,"valueName":"search_term_string"}}],"inLanguage":"fr-FR"},{"@type":"Organization","@id":"https:\/\/www.yannoe.ch\/#organization","name":"Residence YanNoe","url":"https:\/\/www.yannoe.ch\/","logo":{"@type":"ImageObject","inLanguage":"fr-FR","@id":"https:\/\/www.yannoe.ch\/#\/schema\/logo\/image\/","url":"https:\/\/www.yannoe.ch\/wp-content\/uploads\/2018\/04\/logo-residence-yannoe-1.png","contentUrl":"https:\/\/www.yannoe.ch\/wp-content\/uploads\/2018\/04\/logo-residence-yannoe-1.png","width":133,"height":90,"caption":"Residence YanNoe"},"image":{"@id":"https:\/\/www.yannoe.ch\/#\/schema\/logo\/image\/"},"sameAs":["https:\/\/www.facebook.com\/residence.yannoe\/"]}]}},"_links":{"self":[{"href":"https:\/\/www.yannoe.ch\/fr\/wp-json\/wp\/v2\/pages\/6410","targetHints":{"allow":["GET"]}}],"collection":[{"href":"https:\/\/www.yannoe.ch\/fr\/wp-json\/wp\/v2\/pages"}],"about":[{"href":"https:\/\/www.yannoe.ch\/fr\/wp-json\/wp\/v2\/types\/page"}],"author":[{"embeddable":true,"href":"https:\/\/www.yannoe.ch\/fr\/wp-json\/wp\/v2\/users\/1"}],"replies":[{"embeddable":true,"href":"https:\/\/www.yannoe.ch\/fr\/wp-json\/wp\/v2\/comments?post=6410"}],"version-history":[{"count":5,"href":"https:\/\/www.yannoe.ch\/fr\/wp-json\/wp\/v2\/pages\/6410\/revisions"}],"predecessor-version":[{"id":6560,"href":"https:\/\/www.yannoe.ch\/fr\/wp-json\/wp\/v2\/pages\/6410\/revisions\/6560"}],"wp:featuredmedia":[{"embeddable":true,"href":"https:\/\/www.yannoe.ch\/fr\/wp-json\/wp\/v2\/media\/4438"}],"wp:attachment":[{"href":"https:\/\/www.yannoe.ch\/fr\/wp-json\/wp\/v2\/media?parent=6410"}],"curies":[{"name":"wp","href":"https:\/\/api.w.org\/{rel}","templated":true}]}}