{"id":6434,"date":"2024-06-30T11:49:41","date_gmt":"2024-06-30T09:49:41","guid":{"rendered":"https:\/\/www.yannoe.ch\/mentions-legales-protection-des-donnees\/"},"modified":"2024-07-18T10:54:36","modified_gmt":"2024-07-18T08:54:36","slug":"mentions-legales-protection-des-donnees","status":"publish","type":"page","link":"https:\/\/www.yannoe.ch\/fr\/mentions-legales-protection-des-donnees\/","title":{"rendered":"Mentions l\u00e9gales"},"content":{"rendered":"<section class=\"l-section wpb_row height_medium\"><div class=\"l-section-h i-cf\"><div class=\"g-cols vc_row via_flex valign_top type_default stacking_default\"><div class=\"vc_col-sm-12 wpb_column vc_column_container\"><div class=\"vc_column-inner\"><div class=\"wpb_wrapper\"><div class=\"wpb_text_column\"><div class=\"wpb_wrapper\"><h2>Mmprimer<\/h2>\n<p>Responsable du contenu<br \/>\nFrau<br \/>\nSusanne Biner<br \/>\nFlesche 46<br \/>\n3920 Zermatt<br \/>\nTelefon +41 76 535 5770<br \/>\nresidence@yannoe.ch<\/p>\n<\/div><\/div><div class=\"wpb_text_column\"><div class=\"wpb_wrapper\"><h2>Konzept &amp; Design @Susanne Biner<\/h2>\n<p>\u00a9 Tous les droits sont r\u00e9serv\u00e9s. R\u00e9impression, m\u00eame partielle, uniquement avec l\u2019autorisation expresse de l\u2019\u00e9diteur.<\/p>\n<\/div><\/div><div class=\"wpb_text_column\"><div class=\"wpb_wrapper\"><h6>Mise en place du site internet<\/h6>\n<p><strong>Hannes Lauritzen<\/strong><br \/>\n<a href=\"https:\/\/hanneslauritzen.com\" target=\"_blank\" rel=\"noopener noreferrer\">https:\/\/hanneslauritzen.com<\/a><\/p>\n<\/div><\/div><div class=\"wpb_text_column\"><div class=\"wpb_wrapper\"><h2>Fotos<\/h2>\n<p>zermatt.ch\u00a0\u00a9Rainer Eder, \u00a9Pascal Gertschen, \u00a9Rob Lewis, \u00a9Michael Portmann, <span style=\"display: inline !important; float: none; background-color: transparent; color: #333333; cursor: text; font-family: -apple-system,BlinkMacSystemFont,'Segoe UI',Roboto,Oxygen-Sans,Ubuntu,Cantarell,'Helvetica Neue',sans-serif; font-size: 16px; font-style: normal; font-variant: normal; font-weight: 400; letter-spacing: normal; orphans: 2; text-align: left; text-decoration: none; text-indent: 0px; text-transform: none; -webkit-text-stroke-width: 0px; white-space: normal; word-spacing: 0px;\">\u00a9<\/span> Gornergrat Bahn \u00a9Air Zermatt, \u00a9Zermatt Tourismus<br \/>\n\u00a9 Susanne Biner \u00a9 Julika Groten<\/p>\n<\/div><\/div><div class=\"wpb_text_column\"><div class=\"wpb_wrapper\"><h2>Haftungsausschluss<\/h2>\n<p>Der Autor \u00fcbernimmt keinerlei Gew\u00e4hr hinsichtlich der inhaltlichen Richtigkeit, Genauigkeit, Aktualit\u00e4t, Zuverl\u00e4ssigkeit und Vollst\u00e4ndigkeit der Informationen. Haftungsanspr\u00fcche gegen den Autor wegen Sch\u00e4den materieller oder immaterieller Art, welche aus dem Zugriff oder der Nutzung bzw. Nichtnutzung der ver\u00f6ffentlichten Informationen, durch Missbrauch der Verbindung oder durch technische St\u00f6rungen entstanden sind, werden ausgeschlossen. Alle Angebote sind unverbindlich. Der Autor beh\u00e4lt es sich ausdr\u00fccklich vor, Teile der Seiten oder das gesamte Angebot ohne gesonderte Ank\u00fcndigung zu ver\u00e4ndern, zu erg\u00e4nzen, zu l\u00f6schen oder die Ver\u00f6ffentlichung zeitweise oder endg\u00fcltig einzustellen.<\/p>\n<\/div><\/div><div class=\"wpb_text_column\"><div class=\"wpb_wrapper\"><h2>Haftung f\u00fcr Links<\/h2>\n<p>Verweise und Links auf Webseiten Dritter liegen ausserhalb unseres Verantwortungsbereichs. Es wird jegliche Verantwortung f\u00fcr solche Webseiten abgelehnt. Der Zugriff und die Nutzung solcher Webseiten erfolgen auf eigene Gefahr des Nutzers oder der Nutzerin.<\/p>\n<\/div><\/div><div class=\"wpb_text_column\"><div class=\"wpb_wrapper\"><h2>Urheberrechte<\/h2>\n<p>Die Urheber- und alle anderen Rechte an Inhalten, Bildern, Fotos oder anderen Dateien auf der Website geh\u00f6ren ausschliesslich Susanne Biner oder den speziell genannten Rechtsinhabern. F\u00fcr die Reproduktion jeglicher Elemente ist die schriftliche Zustimmung der Urheberrechtstr\u00e4ger im Voraus einzuholen.<\/p>\n<\/div><\/div><div class=\"wpb_text_column\"><div class=\"wpb_wrapper\"><h2>Cookie Hinweis<\/h2>\n<p>Diese Website verwendet Cookies. Cookies sind kleine Textdateien, die beim Besuch dieser Website in Ihrem Computer dauerhaft oder tempor\u00e4r gespeichert werden. Zweck der Cookies ist insbesondere die Analyse der Nutzung dieser Website zur statistischen Auswertung sowie f\u00fcr kontinuierliche Verbesserungen. Mit dem Verbleiben auf dieser Internetseite erkl\u00e4ren Sie sich mit dem Gebrauch von Cookies einverstanden. In Ihrem Browser k\u00f6nnen Sie Cookies in den Einstellungen jederzeit ganz oder teilweise deaktivieren. Bei deaktivierten Cookies stehen Ihnen allenfalls nicht mehr alle Funktionen dieser Website zur Verf\u00fcgung.<\/p>\n<\/div><\/div><\/div><\/div><\/div><\/div><\/div><\/section>\n","protected":false},"excerpt":{"rendered":"Mmprimer Responsable du contenu Frau Susanne Biner Flesche 46 3920 Zermatt Telefon +41 76 535 5770 residence@yannoe.ch Konzept &amp; Design @Susanne Biner \u00a9 Tous les droits sont r\u00e9serv\u00e9s. R\u00e9impression, m\u00eame partielle, uniquement avec l\u2019autorisation expresse de l\u2019\u00e9diteur. Mise en place du site internet Hannes Lauritzen https:\/\/hanneslauritzen.com Fotos zermatt.ch\u00a0\u00a9Rainer Eder, \u00a9Pascal Gertschen, \u00a9Rob Lewis, \u00a9Michael Portmann,...","protected":false},"author":1,"featured_media":0,"parent":0,"menu_order":0,"comment_status":"closed","ping_status":"closed","template":"","meta":{"_acf_changed":false,"footnotes":""},"class_list":["post-6434","page","type-page","status-publish","hentry"],"acf":[],"yoast_head":"<title>Mentions l\u00e9gales - Residence Yannoe<\/title>\n<meta name=\"description\" content=\"Hier finden Sie das Impressum f\u00fcr die Webseiten von Residence YanNoe. Traumhafte Ferienh\u00e4user in Zermatt. Traumhafter Urlaub garantiert.\" \/>\n<meta name=\"robots\" content=\"noindex, follow\" \/>\n<meta property=\"og:locale\" content=\"fr_FR\" \/>\n<meta property=\"og:type\" content=\"article\" \/>\n<meta property=\"og:title\" content=\"Mentions l\u00e9gales - Residence Yannoe\" \/>\n<meta property=\"og:description\" content=\"Hier finden Sie das Impressum f\u00fcr die Webseiten von Residence YanNoe. Traumhafte Ferienh\u00e4user in Zermatt. Traumhafter Urlaub garantiert.\" \/>\n<meta property=\"og:url\" content=\"https:\/\/www.yannoe.ch\/fr\/mentions-legales-protection-des-donnees\/\" \/>\n<meta property=\"og:site_name\" content=\"Residence Yannoe\" \/>\n<meta property=\"article:publisher\" content=\"https:\/\/www.facebook.com\/residence.yannoe\/\" \/>\n<meta property=\"article:modified_time\" content=\"2024-07-18T08:54:36+00:00\" \/>\n<meta name=\"twitter:card\" content=\"summary_large_image\" \/>\n<meta name=\"twitter:label1\" content=\"Est. reading time\" \/>\n\t<meta name=\"twitter:data1\" content=\"2 minutes\" \/>\n<script type=\"application\/ld+json\" class=\"yoast-schema-graph\">{\"@context\":\"https:\\\/\\\/schema.org\",\"@graph\":[{\"@type\":\"WebPage\",\"@id\":\"https:\\\/\\\/www.yannoe.ch\\\/fr\\\/mentions-legales-protection-des-donnees\\\/\",\"url\":\"https:\\\/\\\/www.yannoe.ch\\\/fr\\\/mentions-legales-protection-des-donnees\\\/\",\"name\":\"Mentions l\u00e9gales - Residence Yannoe\",\"isPartOf\":{\"@id\":\"https:\\\/\\\/www.yannoe.ch\\\/#website\"},\"datePublished\":\"2024-06-30T09:49:41+00:00\",\"dateModified\":\"2024-07-18T08:54:36+00:00\",\"description\":\"Hier finden Sie das Impressum f\u00fcr die Webseiten von Residence YanNoe. Traumhafte Ferienh\u00e4user in Zermatt. Traumhafter Urlaub garantiert.\",\"breadcrumb\":{\"@id\":\"https:\\\/\\\/www.yannoe.ch\\\/fr\\\/mentions-legales-protection-des-donnees\\\/#breadcrumb\"},\"inLanguage\":\"fr-FR\",\"potentialAction\":[{\"@type\":\"ReadAction\",\"target\":[\"https:\\\/\\\/www.yannoe.ch\\\/fr\\\/mentions-legales-protection-des-donnees\\\/\"]}]},{\"@type\":\"BreadcrumbList\",\"@id\":\"https:\\\/\\\/www.yannoe.ch\\\/fr\\\/mentions-legales-protection-des-donnees\\\/#breadcrumb\",\"itemListElement\":[{\"@type\":\"ListItem\",\"position\":1,\"name\":\"Startseite\",\"item\":\"https:\\\/\\\/www.yannoe.ch\\\/fr\\\/\"},{\"@type\":\"ListItem\",\"position\":2,\"name\":\"Mentions l\u00e9gales\"}]},{\"@type\":\"WebSite\",\"@id\":\"https:\\\/\\\/www.yannoe.ch\\\/#website\",\"url\":\"https:\\\/\\\/www.yannoe.ch\\\/\",\"name\":\"Residence Yannoe\",\"description\":\"Ferienwohnung mieten\",\"publisher\":{\"@id\":\"https:\\\/\\\/www.yannoe.ch\\\/#organization\"},\"potentialAction\":[{\"@type\":\"SearchAction\",\"target\":{\"@type\":\"EntryPoint\",\"urlTemplate\":\"https:\\\/\\\/www.yannoe.ch\\\/?s={search_term_string}\"},\"query-input\":{\"@type\":\"PropertyValueSpecification\",\"valueRequired\":true,\"valueName\":\"search_term_string\"}}],\"inLanguage\":\"fr-FR\"},{\"@type\":\"Organization\",\"@id\":\"https:\\\/\\\/www.yannoe.ch\\\/#organization\",\"name\":\"Residence YanNoe\",\"url\":\"https:\\\/\\\/www.yannoe.ch\\\/\",\"logo\":{\"@type\":\"ImageObject\",\"inLanguage\":\"fr-FR\",\"@id\":\"https:\\\/\\\/www.yannoe.ch\\\/#\\\/schema\\\/logo\\\/image\\\/\",\"url\":\"https:\\\/\\\/www.yannoe.ch\\\/wp-content\\\/uploads\\\/2018\\\/04\\\/logo-residence-yannoe-1.png\",\"contentUrl\":\"https:\\\/\\\/www.yannoe.ch\\\/wp-content\\\/uploads\\\/2018\\\/04\\\/logo-residence-yannoe-1.png\",\"width\":133,\"height\":90,\"caption\":\"Residence YanNoe\"},\"image\":{\"@id\":\"https:\\\/\\\/www.yannoe.ch\\\/#\\\/schema\\\/logo\\\/image\\\/\"},\"sameAs\":[\"https:\\\/\\\/www.facebook.com\\\/residence.yannoe\\\/\"]}]}<\/script>","yoast_head_json":{"title":"Mentions l\u00e9gales - Residence Yannoe","description":"Hier finden Sie das Impressum f\u00fcr die Webseiten von Residence YanNoe. Traumhafte Ferienh\u00e4user in Zermatt. Traumhafter Urlaub garantiert.","robots":{"index":"noindex","follow":"follow"},"og_locale":"fr_FR","og_type":"article","og_title":"Mentions l\u00e9gales - Residence Yannoe","og_description":"Hier finden Sie das Impressum f\u00fcr die Webseiten von Residence YanNoe. Traumhafte Ferienh\u00e4user in Zermatt. Traumhafter Urlaub garantiert.","og_url":"https:\/\/www.yannoe.ch\/fr\/mentions-legales-protection-des-donnees\/","og_site_name":"Residence Yannoe","article_publisher":"https:\/\/www.facebook.com\/residence.yannoe\/","article_modified_time":"2024-07-18T08:54:36+00:00","twitter_card":"summary_large_image","twitter_misc":{"Est. reading time":"2 minutes"},"schema":{"@context":"https:\/\/schema.org","@graph":[{"@type":"WebPage","@id":"https:\/\/www.yannoe.ch\/fr\/mentions-legales-protection-des-donnees\/","url":"https:\/\/www.yannoe.ch\/fr\/mentions-legales-protection-des-donnees\/","name":"Mentions l\u00e9gales - Residence Yannoe","isPartOf":{"@id":"https:\/\/www.yannoe.ch\/#website"},"datePublished":"2024-06-30T09:49:41+00:00","dateModified":"2024-07-18T08:54:36+00:00","description":"Hier finden Sie das Impressum f\u00fcr die Webseiten von Residence YanNoe. Traumhafte Ferienh\u00e4user in Zermatt. Traumhafter Urlaub garantiert.","breadcrumb":{"@id":"https:\/\/www.yannoe.ch\/fr\/mentions-legales-protection-des-donnees\/#breadcrumb"},"inLanguage":"fr-FR","potentialAction":[{"@type":"ReadAction","target":["https:\/\/www.yannoe.ch\/fr\/mentions-legales-protection-des-donnees\/"]}]},{"@type":"BreadcrumbList","@id":"https:\/\/www.yannoe.ch\/fr\/mentions-legales-protection-des-donnees\/#breadcrumb","itemListElement":[{"@type":"ListItem","position":1,"name":"Startseite","item":"https:\/\/www.yannoe.ch\/fr\/"},{"@type":"ListItem","position":2,"name":"Mentions l\u00e9gales"}]},{"@type":"WebSite","@id":"https:\/\/www.yannoe.ch\/#website","url":"https:\/\/www.yannoe.ch\/","name":"Residence Yannoe","description":"Ferienwohnung mieten","publisher":{"@id":"https:\/\/www.yannoe.ch\/#organization"},"potentialAction":[{"@type":"SearchAction","target":{"@type":"EntryPoint","urlTemplate":"https:\/\/www.yannoe.ch\/?s={search_term_string}"},"query-input":{"@type":"PropertyValueSpecification","valueRequired":true,"valueName":"search_term_string"}}],"inLanguage":"fr-FR"},{"@type":"Organization","@id":"https:\/\/www.yannoe.ch\/#organization","name":"Residence YanNoe","url":"https:\/\/www.yannoe.ch\/","logo":{"@type":"ImageObject","inLanguage":"fr-FR","@id":"https:\/\/www.yannoe.ch\/#\/schema\/logo\/image\/","url":"https:\/\/www.yannoe.ch\/wp-content\/uploads\/2018\/04\/logo-residence-yannoe-1.png","contentUrl":"https:\/\/www.yannoe.ch\/wp-content\/uploads\/2018\/04\/logo-residence-yannoe-1.png","width":133,"height":90,"caption":"Residence YanNoe"},"image":{"@id":"https:\/\/www.yannoe.ch\/#\/schema\/logo\/image\/"},"sameAs":["https:\/\/www.facebook.com\/residence.yannoe\/"]}]}},"_links":{"self":[{"href":"https:\/\/www.yannoe.ch\/fr\/wp-json\/wp\/v2\/pages\/6434","targetHints":{"allow":["GET"]}}],"collection":[{"href":"https:\/\/www.yannoe.ch\/fr\/wp-json\/wp\/v2\/pages"}],"about":[{"href":"https:\/\/www.yannoe.ch\/fr\/wp-json\/wp\/v2\/types\/page"}],"author":[{"embeddable":true,"href":"https:\/\/www.yannoe.ch\/fr\/wp-json\/wp\/v2\/users\/1"}],"replies":[{"embeddable":true,"href":"https:\/\/www.yannoe.ch\/fr\/wp-json\/wp\/v2\/comments?post=6434"}],"version-history":[{"count":5,"href":"https:\/\/www.yannoe.ch\/fr\/wp-json\/wp\/v2\/pages\/6434\/revisions"}],"predecessor-version":[{"id":7577,"href":"https:\/\/www.yannoe.ch\/fr\/wp-json\/wp\/v2\/pages\/6434\/revisions\/7577"}],"wp:attachment":[{"href":"https:\/\/www.yannoe.ch\/fr\/wp-json\/wp\/v2\/media?parent=6434"}],"curies":[{"name":"wp","href":"https:\/\/api.w.org\/{rel}","templated":true}]}}